{"id":987,"date":"2026-05-06T14:59:00","date_gmt":"2026-05-06T14:59:00","guid":{"rendered":"https:\/\/planker.pl\/faq\/"},"modified":"2026-05-11T11:34:06","modified_gmt":"2026-05-11T11:34:06","slug":"faq","status":"publish","type":"page","link":"https:\/\/www.planker.pl\/de\/faq\/","title":{"rendered":"FAQ"},"content":{"rendered":"<div class=\"fusion-fullwidth fullwidth-box fusion-builder-row-1 fusion-flex-container has-pattern-background has-mask-background nonhundred-percent-fullwidth non-hundred-percent-height-scrolling content_width \" style=\"--awb-border-radius-top-left:0px;--awb-border-radius-top-right:0px;--awb-border-radius-bottom-right:0px;--awb-border-radius-bottom-left:0px;--awb-padding-bottom:50px;--awb-margin-top:-100px;--awb-flex-wrap:wrap;\" ><div class=\"fusion-builder-row fusion-row fusion-flex-align-items-flex-start fusion-flex-content-wrap\" style=\"max-width:1248px;margin-left: calc(-4% \/ 2 );margin-right: calc(-4% \/ 2 );\"><div class=\"fusion-layout-column fusion_builder_column fusion-builder-column-0 fusion_builder_column_1_1 1_1 fusion-flex-column\" style=\"--awb-bg-size:cover;--awb-width-large:100%;--awb-margin-top-large:0px;--awb-spacing-right-large:1.92%;--awb-margin-bottom-large:20px;--awb-spacing-left-large:1.92%;--awb-width-medium:100%;--awb-order-medium:0;--awb-spacing-right-medium:1.92%;--awb-spacing-left-medium:1.92%;--awb-width-small:100%;--awb-order-small:0;--awb-spacing-right-small:1.92%;--awb-spacing-left-small:1.92%;\"><div class=\"fusion-column-wrapper fusion-column-has-shadow fusion-flex-justify-content-flex-start fusion-content-layout-column\"><div class=\"fusion-section-separator section-separator waves fusion-section-separator-1\" style=\"--awb-spacer-padding-top:inherit;--awb-svg-margin-left:1.92%;--awb-svg-margin-right:1.92%;--awb-svg-margin-left-medium:1.92%;--awb-svg-margin-right-medium:1.92%;--awb-svg-margin-left-small:1.92%;--awb-svg-margin-right-small:1.92%;--awb-divider-height:100px;--awb-spacer-height:100px;--awb-sep-font-size:0;--awb-sep-line-height:0;\"><div class=\"fusion-section-separator-svg\"><svg class=\"fusion-waves-candy\" xmlns=\"http:\/\/www.w3.org\/2000\/svg\" version=\"1.1\" width=\"100%\" viewBox=\"0 54 1024 162\" preserveAspectRatio=\"none\" fill=\"rgba(255,255,255,1)\"><path class=\"st3\" d=\"M0 216.312h1024v-3.044c-50.8-17.1-108.7-30.7-172.7-37.9-178.6-19.8-220 36.8-404.9 21.3-206.6-17.2-228-126.5-434.5-141.6-3.9-.3-7.9-.5-11.9-.7v161.944z\"\/><\/svg><\/div><div class=\"fusion-section-separator-spacer\"><div class=\"fusion-section-separator-spacer-height\"><\/div><\/div><\/div><\/div><\/div><div class=\"fusion-layout-column fusion_builder_column fusion-builder-column-1 fusion_builder_column_1_1 1_1 fusion-flex-column\" style=\"--awb-bg-size:cover;--awb-width-large:100%;--awb-margin-top-large:0px;--awb-spacing-right-large:1.92%;--awb-margin-bottom-large:20px;--awb-spacing-left-large:1.92%;--awb-width-medium:100%;--awb-order-medium:0;--awb-spacing-right-medium:1.92%;--awb-spacing-left-medium:1.92%;--awb-width-small:100%;--awb-order-small:0;--awb-spacing-right-small:1.92%;--awb-spacing-left-small:1.92%;\"><div class=\"fusion-column-wrapper fusion-column-has-shadow fusion-flex-justify-content-flex-start fusion-content-layout-column\"><div class=\"fusion-text fusion-text-1 page_title\"><h1 style=\"text-align: center;\">H\u00e4ufig gestellte Fragen und Antworten<\/h1>\n<\/div><div class=\"fusion-text fusion-text-2\"><p style=\"text-align: center;\">Die wichtigsten Antworten vor der Renovierung einer Yacht.<\/p>\n<\/div><\/div><\/div><div class=\"fusion-layout-column fusion_builder_column fusion-builder-column-2 fusion_builder_column_1_1 1_1 fusion-flex-column\" style=\"--awb-bg-size:cover;--awb-width-large:100%;--awb-margin-top-large:0px;--awb-spacing-right-large:1.92%;--awb-margin-bottom-large:20px;--awb-spacing-left-large:1.92%;--awb-width-medium:100%;--awb-order-medium:0;--awb-spacing-right-medium:1.92%;--awb-spacing-left-medium:1.92%;--awb-width-small:100%;--awb-order-small:0;--awb-spacing-right-small:1.92%;--awb-spacing-left-small:1.92%;\"><div class=\"fusion-column-wrapper fusion-column-has-shadow fusion-flex-justify-content-flex-start fusion-content-layout-column\"><div class=\"fusion-text fusion-text-3\"><ol>\n<li><strong>F\u00fchren Sie solche Arbeiten durch?<\/strong>  &#8211; Wenn die Arbeit mit der Yacht zusammenh\u00e4ngt, werden wir oder unsere Subunternehmer die Arbeit ausf\u00fchren.<\/li>\n<li><strong>Wie viel wird es kosten?<\/strong>  &#8211; Das Angebot und der Vertrag, den wir mit dem Kunden abschlie\u00dfen, ist die wichtigste Grundlage unserer Zusammenarbeit. Jedes Mal ist es notwendig, das Ger\u00e4t zu inspizieren und den Auftrag im Detail zu besprechen. <\/li>\n<li><strong>Was ist, wenn ich nur die gesch\u00e4tzten Kosten wissen m\u00f6chte?<\/strong>  &#8211; Dann schicken Sie uns eine E-Mail mit Fotos und einer m\u00f6glichst detaillierten Beschreibung des Auftrags. Auf dieser Grundlage senden wir Ihnen einen Kostenvoranschlag, in der Regel in Form einer Preisspanne (z.B. ca. 2-3k PLN netto oder 50-80k PLN netto) <\/li>\n<li><strong>Kann ich in einer anderen W\u00e4hrung bezahlen?<\/strong>  &#8211; Ja, wir haben ein Euro-Konto.<\/li>\n<li><strong>Was, wenn ich ein genaues Angebot m\u00f6chte?<\/strong>  &#8211; Wir nennen Ihnen die verf\u00fcgbaren Termine f\u00fcr die Besichtigung und senden Ihnen eine Rechnung f\u00fcr die Ausf\u00fchrung des Angebots, die die Kosten f\u00fcr die Anreise zum Ort der Besichtigung und den Zeitaufwand f\u00fcr die Berechnung abdeckt. In diesem Fall 1,15z\u0142\/pro km Fahrtstrecke und 150z\u0142 f\u00fcr jede Stunde (in der Regel 300-1500z\u0142) Innerhalb von 14 Tagen nach der Besichtigung senden wir Ihnen ein verbindliches Angebot f\u00fcr die Arbeiten, zusammen mit der verf\u00fcgbaren Zeit f\u00fcr die Durchf\u00fchrung der Arbeiten. <\/li>\n<li><strong>Was ist, wenn ich die Bewertung nicht oder nur teilweise akzeptiere?<\/strong>  &#8211; Wenn Sie sich f\u00fcr mindestens 50% (bezieht sich auf den Betrag des Kostenvoranschlags, nicht auf die Menge der Arbeiten) der bei der Besichtigung besprochenen Arbeiten entscheiden, sind die Kosten f\u00fcr die Fertigstellung des Kostenvoranschlags in der Anzahlung enthalten.<\/li>\n<li><strong>Was ist, wenn ich weder einen Vertrag noch eine Bewertung m\u00f6chte?<\/strong>  &#8211; Nicht mit uns, nicht mit uns. Keine Vertr\u00e4ge, keine Fristen, keine Gewissheit, was, wann und f\u00fcr wie viel getan wird, ist nicht unser Standard. <\/li>\n<li><strong>Was ist, wenn ich einen kleinen Auftrag habe, einen Austausch, eine Luke, eine T\u00fcrreparatur, eine L\u00fcftungsanlage. Brauche ich einen Vertrag und einen vollst\u00e4ndigen Kostenvoranschlag?<\/strong> &#8211; F\u00fcr kleine Auftr\u00e4ge von wenigen Stunden oder so erstellen wir ein verk\u00fcrztes Angebot per E-Mail. Nach einer schriftlichen Antwort und Annahme f\u00fchren wir den Auftrag aus und rechnen am Tag der Abholung ab. <\/li>\n<li><strong>Kann ich den Service in meinem Yachthafen durchf\u00fchren lassen?<\/strong>  &#8211; Ja, aber Sie werden alle Ihre Reisekosten \u00fcbernehmen. Es ist in der Regel besser, Bootsbauer f\u00fcr die Arbeit an der Yacht zu bezahlen als f\u00fcr die Fahrt. Der Tarif ist derselbe  <\/li>\n<li><strong>Wie erfahre ich, wie die Arbeiten an der Yacht voranschreiten?<\/strong>  &#8211; W\u00e4hrend der l\u00e4ngeren Renovierungsarbeiten schicken wir den Reedern fr\u00fchestens jeden Monat einen Bericht \u00fcber die Arbeiten mit Fotos. Auch w\u00e4hrend der Arbeiten stehen wir in st\u00e4ndigem Kontakt, um sie \u00fcber auftretende Schwierigkeiten und m\u00f6gliche L\u00f6sungen auf dem Laufenden zu halten. Renovierungsarbeiten sind oft mit Geheimnissen behaftet, die sich unter der sichtbaren Schicht verbergen. In solchen F\u00e4llen beraten wir uns immer mit den Schiffseignern, um die besten L\u00f6sungen zu finden.   <\/li>\n<li><strong>Wie hoch sind die Stundens\u00e4tze?<\/strong>  &#8211; Jeder Auftrag wird als Arbeits- und Materialaufwand berechnet. Wir arbeiten nicht auf Stundenbasis oder nach Quadratmetern oder laufenden Metern. Dies ist eine Angelegenheit innerhalb der Brigade.  <\/li>\n<li><strong>Kann ich mein eigenes Material liefern?<\/strong>  Ja, aber das ist im Vertrag enthalten und wir als Auftragnehmer \u00fcbernehmen keine Verantwortung f\u00fcr das Ergebnis der Arbeiten und geben keine Garantie.<\/li>\n<li><strong>Ich habe ein Renovierungs-\/Arbeits-\/Bauprojekt begonnen. K\u00f6nnen Sie es vervollst\u00e4ndigen oder verbessern? <\/strong>  &#8211; Nein. &#8222;Artikel 22 des Gildengesetzes besagt ganz klar: Kein Magister darf ein von einem St\u00fcmper begonnenes Werk gegen die bestehende Einrichtung korrigieren oder vollenden, bei Strafe von drei vierzehn Geldstrafen f\u00fcr die Gildenkasse.&#8220; Nichts ist so kostspielig wie die Korrektur von St\u00fcmpereien. Wir k\u00f6nnen den Preis f\u00fcr das Entfernen und Wiederherstellen festlegen. Es ist also ein anderer Fall.  <\/li>\n<li><strong>Bieten Sie Garantien f\u00fcr Ihre Werke?<\/strong>  &#8211; Ja, in der Regel zwei Jahre (so viel geben die Hersteller der von uns verwendeten Materialien an). Wir bieten jedoch eine lebenslange Garantie auf die Verklebung der Teakholzpl\u00e4ne auf dem Deck. <\/li>\n<\/ol>\n<\/div><\/div><\/div><\/div><\/div>\n","protected":false},"excerpt":{"rendered":"","protected":false},"author":2,"featured_media":0,"parent":0,"menu_order":0,"comment_status":"closed","ping_status":"closed","template":"100-width.php","meta":{"inline_featured_image":false,"footnotes":""},"class_list":["post-987","page","type-page","status-publish","hentry"],"yoast_head":"<!-- This site is optimized with the Yoast SEO plugin v26.7 - https:\/\/yoast.com\/wordpress\/plugins\/seo\/ -->\n<title>FAQ | Yachtreparatur und -wartung - H\u00e4ufig gestellte Fragen<\/title>\n<meta name=\"description\" content=\"Die h\u00e4ufigsten Fragen zu Yacht\u00fcberholungen, Preisen, Terminen, Rumpfreparaturen, Laminierung und Vorbereitung Ihres Schiffes f\u00fcr den Service.\" \/>\n<meta name=\"robots\" content=\"index, follow, max-snippet:-1, max-image-preview:large, max-video-preview:-1\" \/>\n<link rel=\"canonical\" href=\"https:\/\/www.planker.pl\/de\/faq\/\" \/>\n<meta property=\"og:locale\" content=\"de_DE\" \/>\n<meta property=\"og:type\" content=\"article\" \/>\n<meta property=\"og:title\" content=\"FAQ | Yachtreparatur und -wartung - H\u00e4ufig gestellte Fragen\" \/>\n<meta property=\"og:description\" content=\"Die h\u00e4ufigsten Fragen zu Yacht\u00fcberholungen, Preisen, Terminen, Rumpfreparaturen, Laminierung und Vorbereitung Ihres Schiffes f\u00fcr den Service.\" \/>\n<meta property=\"og:url\" content=\"https:\/\/www.planker.pl\/de\/faq\/\" \/>\n<meta property=\"og:site_name\" content=\"Planker Yacht Service\" \/>\n<meta property=\"article:modified_time\" content=\"2026-05-11T11:34:06+00:00\" \/>\n<meta name=\"twitter:card\" content=\"summary_large_image\" \/>\n<meta name=\"twitter:label1\" content=\"Gesch\u00e4tzte Lesezeit\" \/>\n\t<meta name=\"twitter:data1\" content=\"16\u00a0Minuten\" \/>\n<script type=\"application\/ld+json\" class=\"yoast-schema-graph\">{\"@context\":\"https:\/\/schema.org\",\"@graph\":[{\"@type\":\"WebPage\",\"@id\":\"https:\/\/www.planker.pl\/de\/faq\/\",\"url\":\"https:\/\/www.planker.pl\/de\/faq\/\",\"name\":\"FAQ | Yachtreparatur und -wartung - H\u00e4ufig gestellte Fragen\",\"isPartOf\":{\"@id\":\"https:\/\/www.planker.pl\/de\/#website\"},\"datePublished\":\"2026-05-06T14:59:00+00:00\",\"dateModified\":\"2026-05-11T11:34:06+00:00\",\"description\":\"Die h\u00e4ufigsten Fragen zu Yacht\u00fcberholungen, Preisen, Terminen, Rumpfreparaturen, Laminierung und Vorbereitung Ihres Schiffes f\u00fcr den Service.\",\"breadcrumb\":{\"@id\":\"https:\/\/www.planker.pl\/de\/faq\/#breadcrumb\"},\"inLanguage\":\"de\",\"potentialAction\":[{\"@type\":\"ReadAction\",\"target\":[\"https:\/\/www.planker.pl\/de\/faq\/\"]}]},{\"@type\":\"BreadcrumbList\",\"@id\":\"https:\/\/www.planker.pl\/de\/faq\/#breadcrumb\",\"itemListElement\":[{\"@type\":\"ListItem\",\"position\":1,\"name\":\"Strona g\u0142\u00f3wna\",\"item\":\"https:\/\/www.planker.pl\/de\/\"},{\"@type\":\"ListItem\",\"position\":2,\"name\":\"FAQ\"}]},{\"@type\":\"WebSite\",\"@id\":\"https:\/\/www.planker.pl\/de\/#website\",\"url\":\"https:\/\/www.planker.pl\/de\/\",\"name\":\"Planker Yacht Service\",\"description\":\"Remonty jacht\u00f3w i \u0142odzi motorowodnych Szczecin\",\"potentialAction\":[{\"@type\":\"SearchAction\",\"target\":{\"@type\":\"EntryPoint\",\"urlTemplate\":\"https:\/\/www.planker.pl\/de\/?s={search_term_string}\"},\"query-input\":{\"@type\":\"PropertyValueSpecification\",\"valueRequired\":true,\"valueName\":\"search_term_string\"}}],\"inLanguage\":\"de\"}]}<\/script>\n<!-- \/ Yoast SEO plugin. -->","yoast_head_json":{"title":"FAQ | Yachtreparatur und -wartung - H\u00e4ufig gestellte Fragen","description":"Die h\u00e4ufigsten Fragen zu Yacht\u00fcberholungen, Preisen, Terminen, Rumpfreparaturen, Laminierung und Vorbereitung Ihres Schiffes f\u00fcr den Service.","robots":{"index":"index","follow":"follow","max-snippet":"max-snippet:-1","max-image-preview":"max-image-preview:large","max-video-preview":"max-video-preview:-1"},"canonical":"https:\/\/www.planker.pl\/de\/faq\/","og_locale":"de_DE","og_type":"article","og_title":"FAQ | Yachtreparatur und -wartung - H\u00e4ufig gestellte Fragen","og_description":"Die h\u00e4ufigsten Fragen zu Yacht\u00fcberholungen, Preisen, Terminen, Rumpfreparaturen, Laminierung und Vorbereitung Ihres Schiffes f\u00fcr den Service.","og_url":"https:\/\/www.planker.pl\/de\/faq\/","og_site_name":"Planker Yacht Service","article_modified_time":"2026-05-11T11:34:06+00:00","twitter_card":"summary_large_image","twitter_misc":{"Gesch\u00e4tzte Lesezeit":"16\u00a0Minuten"},"schema":{"@context":"https:\/\/schema.org","@graph":[{"@type":"WebPage","@id":"https:\/\/www.planker.pl\/de\/faq\/","url":"https:\/\/www.planker.pl\/de\/faq\/","name":"FAQ | Yachtreparatur und -wartung - H\u00e4ufig gestellte Fragen","isPartOf":{"@id":"https:\/\/www.planker.pl\/de\/#website"},"datePublished":"2026-05-06T14:59:00+00:00","dateModified":"2026-05-11T11:34:06+00:00","description":"Die h\u00e4ufigsten Fragen zu Yacht\u00fcberholungen, Preisen, Terminen, Rumpfreparaturen, Laminierung und Vorbereitung Ihres Schiffes f\u00fcr den Service.","breadcrumb":{"@id":"https:\/\/www.planker.pl\/de\/faq\/#breadcrumb"},"inLanguage":"de","potentialAction":[{"@type":"ReadAction","target":["https:\/\/www.planker.pl\/de\/faq\/"]}]},{"@type":"BreadcrumbList","@id":"https:\/\/www.planker.pl\/de\/faq\/#breadcrumb","itemListElement":[{"@type":"ListItem","position":1,"name":"Strona g\u0142\u00f3wna","item":"https:\/\/www.planker.pl\/de\/"},{"@type":"ListItem","position":2,"name":"FAQ"}]},{"@type":"WebSite","@id":"https:\/\/www.planker.pl\/de\/#website","url":"https:\/\/www.planker.pl\/de\/","name":"Planker Yacht Service","description":"Remonty jacht\u00f3w i \u0142odzi motorowodnych Szczecin","potentialAction":[{"@type":"SearchAction","target":{"@type":"EntryPoint","urlTemplate":"https:\/\/www.planker.pl\/de\/?s={search_term_string}"},"query-input":{"@type":"PropertyValueSpecification","valueRequired":true,"valueName":"search_term_string"}}],"inLanguage":"de"}]}},"_links":{"self":[{"href":"https:\/\/www.planker.pl\/de\/wp-json\/wp\/v2\/pages\/987","targetHints":{"allow":["GET"]}}],"collection":[{"href":"https:\/\/www.planker.pl\/de\/wp-json\/wp\/v2\/pages"}],"about":[{"href":"https:\/\/www.planker.pl\/de\/wp-json\/wp\/v2\/types\/page"}],"author":[{"embeddable":true,"href":"https:\/\/www.planker.pl\/de\/wp-json\/wp\/v2\/users\/2"}],"replies":[{"embeddable":true,"href":"https:\/\/www.planker.pl\/de\/wp-json\/wp\/v2\/comments?post=987"}],"version-history":[{"count":1,"href":"https:\/\/www.planker.pl\/de\/wp-json\/wp\/v2\/pages\/987\/revisions"}],"predecessor-version":[{"id":990,"href":"https:\/\/www.planker.pl\/de\/wp-json\/wp\/v2\/pages\/987\/revisions\/990"}],"wp:attachment":[{"href":"https:\/\/www.planker.pl\/de\/wp-json\/wp\/v2\/media?parent=987"}],"curies":[{"name":"wp","href":"https:\/\/api.w.org\/{rel}","templated":true}]}}