{"id":953,"date":"2026-05-06T14:53:19","date_gmt":"2026-05-06T14:53:19","guid":{"rendered":"https:\/\/planker.pl\/laminieren-und-reparatur-von-laminat\/"},"modified":"2026-05-11T11:34:04","modified_gmt":"2026-05-11T11:34:04","slug":"laminieren-und-reparatur-von-laminat","status":"publish","type":"page","link":"https:\/\/www.planker.pl\/de\/laminieren-und-reparatur-von-laminat\/","title":{"rendered":"Laminieren und Reparatur von Laminat"},"content":{"rendered":"<div class=\"fusion-fullwidth fullwidth-box fusion-builder-row-1 fusion-flex-container has-pattern-background has-mask-background nonhundred-percent-fullwidth non-hundred-percent-height-scrolling content_width \" style=\"--awb-border-radius-top-left:0px;--awb-border-radius-top-right:0px;--awb-border-radius-bottom-right:0px;--awb-border-radius-bottom-left:0px;--awb-padding-bottom:50px;--awb-margin-top:-100px;--awb-flex-wrap:wrap;\" ><div class=\"fusion-builder-row fusion-row fusion-flex-align-items-flex-start fusion-flex-content-wrap\" style=\"max-width:1248px;margin-left: calc(-4% \/ 2 );margin-right: calc(-4% \/ 2 );\"><div class=\"fusion-layout-column fusion_builder_column fusion-builder-column-0 fusion_builder_column_1_1 1_1 fusion-flex-column\" style=\"--awb-bg-size:cover;--awb-width-large:100%;--awb-margin-top-large:0px;--awb-spacing-right-large:1.92%;--awb-margin-bottom-large:20px;--awb-spacing-left-large:1.92%;--awb-width-medium:100%;--awb-order-medium:0;--awb-spacing-right-medium:1.92%;--awb-spacing-left-medium:1.92%;--awb-width-small:100%;--awb-order-small:0;--awb-spacing-right-small:1.92%;--awb-spacing-left-small:1.92%;\"><div class=\"fusion-column-wrapper fusion-column-has-shadow fusion-flex-justify-content-flex-start fusion-content-layout-column\"><div class=\"fusion-section-separator section-separator waves fusion-section-separator-1\" style=\"--awb-spacer-padding-top:inherit;--awb-svg-margin-left:1.92%;--awb-svg-margin-right:1.92%;--awb-svg-margin-left-medium:1.92%;--awb-svg-margin-right-medium:1.92%;--awb-svg-margin-left-small:1.92%;--awb-svg-margin-right-small:1.92%;--awb-divider-height:100px;--awb-spacer-height:100px;--awb-sep-font-size:0;--awb-sep-line-height:0;\"><div class=\"fusion-section-separator-svg\"><svg class=\"fusion-waves-candy\" xmlns=\"http:\/\/www.w3.org\/2000\/svg\" version=\"1.1\" width=\"100%\" viewBox=\"0 54 1024 162\" preserveAspectRatio=\"none\" fill=\"rgba(255,255,255,1)\"><path class=\"st3\" d=\"M0 216.312h1024v-3.044c-50.8-17.1-108.7-30.7-172.7-37.9-178.6-19.8-220 36.8-404.9 21.3-206.6-17.2-228-126.5-434.5-141.6-3.9-.3-7.9-.5-11.9-.7v161.944z\"\/><\/svg><\/div><div class=\"fusion-section-separator-spacer\"><div class=\"fusion-section-separator-spacer-height\"><\/div><\/div><\/div><\/div><\/div><div class=\"fusion-layout-column fusion_builder_column fusion-builder-column-1 fusion_builder_column_1_1 1_1 fusion-flex-column\" style=\"--awb-bg-size:cover;--awb-width-large:100%;--awb-margin-top-large:0px;--awb-spacing-right-large:1.92%;--awb-margin-bottom-large:20px;--awb-spacing-left-large:1.92%;--awb-width-medium:100%;--awb-order-medium:0;--awb-spacing-right-medium:1.92%;--awb-spacing-left-medium:1.92%;--awb-width-small:100%;--awb-order-small:0;--awb-spacing-right-small:1.92%;--awb-spacing-left-small:1.92%;\"><div class=\"fusion-column-wrapper fusion-column-has-shadow fusion-flex-justify-content-flex-start fusion-content-layout-column\"><div class=\"fusion-text fusion-text-1 page_title\"><h1 style=\"text-align: center;\">Laminieren und Reparatur von Laminat<\/h1>\n<\/div><div class=\"fusion-text fusion-text-2\"><p style=\"text-align: center;\">Starkes Laminat, \u00e4sthetisch ansprechende Oberfl\u00e4che, lang anhaltende Wirkung.<\/p>\n<\/div><\/div><\/div><div class=\"fusion-layout-column fusion_builder_column fusion-builder-column-2 fusion_builder_column_1_1 1_1 fusion-flex-column\" style=\"--awb-bg-size:cover;--awb-width-large:100%;--awb-margin-top-large:0px;--awb-spacing-right-large:1.92%;--awb-margin-bottom-large:20px;--awb-spacing-left-large:1.92%;--awb-width-medium:100%;--awb-order-medium:0;--awb-spacing-right-medium:1.92%;--awb-spacing-left-medium:1.92%;--awb-width-small:100%;--awb-order-small:0;--awb-spacing-right-small:1.92%;--awb-spacing-left-small:1.92%;\"><div class=\"fusion-column-wrapper fusion-column-has-shadow fusion-flex-justify-content-flex-start fusion-content-layout-column\"><div class=\"fusion-text fusion-text-3\"><p data-start=\"8340\" data-end=\"8616\">Das <strong data-start=\"8362\" data-end=\"8377\">Laminieren<\/strong> ist eine der Schl\u00fcsseltechnologien f\u00fcr die Reparatur, Verst\u00e4rkung und Restaurierung von Yacht- und Bootskomponenten. Wir f\u00fchren sowohl lokal begrenzte <strong data-start=\"8522\" data-end=\"8543\">Laminatreparaturen<\/strong> als auch umfangreichere Arbeiten an R\u00fcmpfen, Decks und Karosserieteilen durch. <\/p>\n<p data-start=\"8618\" data-end=\"8915\">Wir k\u00fcmmern uns um die Beseitigung von <strong data-start=\"8642\" data-end=\"8653\">Rissen<\/strong>, Hohlr\u00e4umen, Delaminationen und Sch\u00e4den, die durch Gebrauch, St\u00f6\u00dfe oder Materialalterung entstanden sind. Wir bereiten die Oberfl\u00e4chen vor, w\u00e4hlen geeignete Materialien aus, bringen Verst\u00e4rkungsschichten an und veredeln das Bauteil dann so, dass es dauerhaft und \u00e4sthetisch ansprechend ist. <\/p>\n<p data-start=\"8917\" data-end=\"9228\">Eine gut ausgef\u00fchrte <strong data-start=\"8933\" data-end=\"8953\">Laminatreparatur<\/strong> erfordert Genauigkeit in jeder Phase &#8211; von der Reinigung und Vorbereitung des Untergrunds \u00fcber die richtige Beschichtung bis hin zum abschlie\u00dfenden Schleifen, Lackieren oder Polieren. Dadurch wird sichergestellt, dass das reparierte Bauteil seine Festigkeit wiedererlangt und sicher funktioniert, w\u00e4hrend das Ger\u00e4t in Gebrauch ist. <\/p>\n<p data-start=\"9230\" data-end=\"9418\">Der Service eignet sich gut f\u00fcr <strong data-start=\"9255\" data-end=\"9289\">Reparaturen an Laminatyachten<\/strong>, Decks, Strukturbauteilen, Verkleidungen, Vord\u00e4chern, Luken und vielen anderen Teilen, die dauerhaft verst\u00e4rkt werden m\u00fcssen.<\/p>\n<\/div><\/div><\/div><\/div><\/div>\n","protected":false},"excerpt":{"rendered":"","protected":false},"author":2,"featured_media":0,"parent":0,"menu_order":0,"comment_status":"closed","ping_status":"closed","template":"100-width.php","meta":{"inline_featured_image":false,"footnotes":""},"class_list":["post-953","page","type-page","status-publish","hentry"],"yoast_head":"<!-- This site is optimized with the Yoast SEO plugin v26.7 - https:\/\/yoast.com\/wordpress\/plugins\/seo\/ -->\n<title>Laminierung und Laminatreparatur | Boots- und Yachtservice<\/title>\n<meta name=\"description\" content=\"Laminieren, Reparatur von Rissen, Hohlr\u00e4umen und Delaminationen. Professionelle Laminatreparatur in Yachten und Booten.\" \/>\n<meta name=\"robots\" content=\"index, follow, max-snippet:-1, max-image-preview:large, max-video-preview:-1\" \/>\n<link rel=\"canonical\" href=\"https:\/\/www.planker.pl\/de\/laminieren-und-reparatur-von-laminat\/\" \/>\n<meta property=\"og:locale\" content=\"de_DE\" \/>\n<meta property=\"og:type\" content=\"article\" \/>\n<meta property=\"og:title\" content=\"Laminierung und Laminatreparatur | Boots- und Yachtservice\" \/>\n<meta property=\"og:description\" content=\"Laminieren, Reparatur von Rissen, Hohlr\u00e4umen und Delaminationen. Professionelle Laminatreparatur in Yachten und Booten.\" \/>\n<meta property=\"og:url\" content=\"https:\/\/www.planker.pl\/de\/laminieren-und-reparatur-von-laminat\/\" \/>\n<meta property=\"og:site_name\" content=\"Planker Yacht Service\" \/>\n<meta property=\"article:modified_time\" content=\"2026-05-11T11:34:04+00:00\" \/>\n<meta name=\"twitter:card\" content=\"summary_large_image\" \/>\n<meta name=\"twitter:label1\" content=\"Gesch\u00e4tzte Lesezeit\" \/>\n\t<meta name=\"twitter:data1\" content=\"13\u00a0Minuten\" \/>\n<script type=\"application\/ld+json\" class=\"yoast-schema-graph\">{\"@context\":\"https:\/\/schema.org\",\"@graph\":[{\"@type\":\"WebPage\",\"@id\":\"https:\/\/www.planker.pl\/de\/laminieren-und-reparatur-von-laminat\/\",\"url\":\"https:\/\/www.planker.pl\/de\/laminieren-und-reparatur-von-laminat\/\",\"name\":\"Laminierung und Laminatreparatur | Boots- und Yachtservice\",\"isPartOf\":{\"@id\":\"https:\/\/www.planker.pl\/de\/#website\"},\"datePublished\":\"2026-05-06T14:53:19+00:00\",\"dateModified\":\"2026-05-11T11:34:04+00:00\",\"description\":\"Laminieren, Reparatur von Rissen, Hohlr\u00e4umen und Delaminationen. Professionelle Laminatreparatur in Yachten und Booten.\",\"breadcrumb\":{\"@id\":\"https:\/\/www.planker.pl\/de\/laminieren-und-reparatur-von-laminat\/#breadcrumb\"},\"inLanguage\":\"de\",\"potentialAction\":[{\"@type\":\"ReadAction\",\"target\":[\"https:\/\/www.planker.pl\/de\/laminieren-und-reparatur-von-laminat\/\"]}]},{\"@type\":\"BreadcrumbList\",\"@id\":\"https:\/\/www.planker.pl\/de\/laminieren-und-reparatur-von-laminat\/#breadcrumb\",\"itemListElement\":[{\"@type\":\"ListItem\",\"position\":1,\"name\":\"Strona g\u0142\u00f3wna\",\"item\":\"https:\/\/www.planker.pl\/de\/\"},{\"@type\":\"ListItem\",\"position\":2,\"name\":\"Laminieren und Reparatur von Laminat\"}]},{\"@type\":\"WebSite\",\"@id\":\"https:\/\/www.planker.pl\/de\/#website\",\"url\":\"https:\/\/www.planker.pl\/de\/\",\"name\":\"Planker Yacht Service\",\"description\":\"Remonty jacht\u00f3w i \u0142odzi motorowodnych Szczecin\",\"potentialAction\":[{\"@type\":\"SearchAction\",\"target\":{\"@type\":\"EntryPoint\",\"urlTemplate\":\"https:\/\/www.planker.pl\/de\/?s={search_term_string}\"},\"query-input\":{\"@type\":\"PropertyValueSpecification\",\"valueRequired\":true,\"valueName\":\"search_term_string\"}}],\"inLanguage\":\"de\"}]}<\/script>\n<!-- \/ Yoast SEO plugin. -->","yoast_head_json":{"title":"Laminierung und Laminatreparatur | Boots- und Yachtservice","description":"Laminieren, Reparatur von Rissen, Hohlr\u00e4umen und Delaminationen. Professionelle Laminatreparatur in Yachten und Booten.","robots":{"index":"index","follow":"follow","max-snippet":"max-snippet:-1","max-image-preview":"max-image-preview:large","max-video-preview":"max-video-preview:-1"},"canonical":"https:\/\/www.planker.pl\/de\/laminieren-und-reparatur-von-laminat\/","og_locale":"de_DE","og_type":"article","og_title":"Laminierung und Laminatreparatur | Boots- und Yachtservice","og_description":"Laminieren, Reparatur von Rissen, Hohlr\u00e4umen und Delaminationen. Professionelle Laminatreparatur in Yachten und Booten.","og_url":"https:\/\/www.planker.pl\/de\/laminieren-und-reparatur-von-laminat\/","og_site_name":"Planker Yacht Service","article_modified_time":"2026-05-11T11:34:04+00:00","twitter_card":"summary_large_image","twitter_misc":{"Gesch\u00e4tzte Lesezeit":"13\u00a0Minuten"},"schema":{"@context":"https:\/\/schema.org","@graph":[{"@type":"WebPage","@id":"https:\/\/www.planker.pl\/de\/laminieren-und-reparatur-von-laminat\/","url":"https:\/\/www.planker.pl\/de\/laminieren-und-reparatur-von-laminat\/","name":"Laminierung und Laminatreparatur | Boots- und Yachtservice","isPartOf":{"@id":"https:\/\/www.planker.pl\/de\/#website"},"datePublished":"2026-05-06T14:53:19+00:00","dateModified":"2026-05-11T11:34:04+00:00","description":"Laminieren, Reparatur von Rissen, Hohlr\u00e4umen und Delaminationen. Professionelle Laminatreparatur in Yachten und Booten.","breadcrumb":{"@id":"https:\/\/www.planker.pl\/de\/laminieren-und-reparatur-von-laminat\/#breadcrumb"},"inLanguage":"de","potentialAction":[{"@type":"ReadAction","target":["https:\/\/www.planker.pl\/de\/laminieren-und-reparatur-von-laminat\/"]}]},{"@type":"BreadcrumbList","@id":"https:\/\/www.planker.pl\/de\/laminieren-und-reparatur-von-laminat\/#breadcrumb","itemListElement":[{"@type":"ListItem","position":1,"name":"Strona g\u0142\u00f3wna","item":"https:\/\/www.planker.pl\/de\/"},{"@type":"ListItem","position":2,"name":"Laminieren und Reparatur von Laminat"}]},{"@type":"WebSite","@id":"https:\/\/www.planker.pl\/de\/#website","url":"https:\/\/www.planker.pl\/de\/","name":"Planker Yacht Service","description":"Remonty jacht\u00f3w i \u0142odzi motorowodnych Szczecin","potentialAction":[{"@type":"SearchAction","target":{"@type":"EntryPoint","urlTemplate":"https:\/\/www.planker.pl\/de\/?s={search_term_string}"},"query-input":{"@type":"PropertyValueSpecification","valueRequired":true,"valueName":"search_term_string"}}],"inLanguage":"de"}]}},"_links":{"self":[{"href":"https:\/\/www.planker.pl\/de\/wp-json\/wp\/v2\/pages\/953","targetHints":{"allow":["GET"]}}],"collection":[{"href":"https:\/\/www.planker.pl\/de\/wp-json\/wp\/v2\/pages"}],"about":[{"href":"https:\/\/www.planker.pl\/de\/wp-json\/wp\/v2\/types\/page"}],"author":[{"embeddable":true,"href":"https:\/\/www.planker.pl\/de\/wp-json\/wp\/v2\/users\/2"}],"replies":[{"embeddable":true,"href":"https:\/\/www.planker.pl\/de\/wp-json\/wp\/v2\/comments?post=953"}],"version-history":[{"count":1,"href":"https:\/\/www.planker.pl\/de\/wp-json\/wp\/v2\/pages\/953\/revisions"}],"predecessor-version":[{"id":958,"href":"https:\/\/www.planker.pl\/de\/wp-json\/wp\/v2\/pages\/953\/revisions\/958"}],"wp:attachment":[{"href":"https:\/\/www.planker.pl\/de\/wp-json\/wp\/v2\/media?parent=953"}],"curies":[{"name":"wp","href":"https:\/\/api.w.org\/{rel}","templated":true}]}}