{"id":934,"date":"2026-05-06T14:52:45","date_gmt":"2026-05-06T14:52:45","guid":{"rendered":"https:\/\/planker.pl\/reparaturen-und-konstruktion-von-holmen\/"},"modified":"2026-05-11T11:34:04","modified_gmt":"2026-05-11T11:34:04","slug":"reparaturen-und-konstruktion-von-holmen","status":"publish","type":"page","link":"https:\/\/www.planker.pl\/de\/reparaturen-und-konstruktion-von-holmen\/","title":{"rendered":"Reparaturen und Konstruktion von Holmen"},"content":{"rendered":"<div class=\"fusion-fullwidth fullwidth-box fusion-builder-row-1 fusion-flex-container has-pattern-background has-mask-background nonhundred-percent-fullwidth non-hundred-percent-height-scrolling content_width \" style=\"--awb-border-radius-top-left:0px;--awb-border-radius-top-right:0px;--awb-border-radius-bottom-right:0px;--awb-border-radius-bottom-left:0px;--awb-padding-bottom:50px;--awb-margin-top:-100px;--awb-flex-wrap:wrap;\" ><div class=\"fusion-builder-row fusion-row fusion-flex-align-items-flex-start fusion-flex-content-wrap\" style=\"max-width:1248px;margin-left: calc(-4% \/ 2 );margin-right: calc(-4% \/ 2 );\"><div class=\"fusion-layout-column fusion_builder_column fusion-builder-column-0 fusion_builder_column_1_1 1_1 fusion-flex-column\" style=\"--awb-bg-size:cover;--awb-width-large:100%;--awb-margin-top-large:0px;--awb-spacing-right-large:1.92%;--awb-margin-bottom-large:20px;--awb-spacing-left-large:1.92%;--awb-width-medium:100%;--awb-order-medium:0;--awb-spacing-right-medium:1.92%;--awb-spacing-left-medium:1.92%;--awb-width-small:100%;--awb-order-small:0;--awb-spacing-right-small:1.92%;--awb-spacing-left-small:1.92%;\"><div class=\"fusion-column-wrapper fusion-column-has-shadow fusion-flex-justify-content-flex-start fusion-content-layout-column\"><div class=\"fusion-section-separator section-separator waves fusion-section-separator-1\" style=\"--awb-spacer-padding-top:inherit;--awb-svg-margin-left:1.92%;--awb-svg-margin-right:1.92%;--awb-svg-margin-left-medium:1.92%;--awb-svg-margin-right-medium:1.92%;--awb-svg-margin-left-small:1.92%;--awb-svg-margin-right-small:1.92%;--awb-divider-height:100px;--awb-spacer-height:100px;--awb-sep-font-size:0;--awb-sep-line-height:0;\"><div class=\"fusion-section-separator-svg\"><svg class=\"fusion-waves-candy\" xmlns=\"http:\/\/www.w3.org\/2000\/svg\" version=\"1.1\" width=\"100%\" viewBox=\"0 54 1024 162\" preserveAspectRatio=\"none\" fill=\"rgba(255,255,255,1)\"><path class=\"st3\" d=\"M0 216.312h1024v-3.044c-50.8-17.1-108.7-30.7-172.7-37.9-178.6-19.8-220 36.8-404.9 21.3-206.6-17.2-228-126.5-434.5-141.6-3.9-.3-7.9-.5-11.9-.7v161.944z\"\/><\/svg><\/div><div class=\"fusion-section-separator-spacer\"><div class=\"fusion-section-separator-spacer-height\"><\/div><\/div><\/div><\/div><\/div><div class=\"fusion-layout-column fusion_builder_column fusion-builder-column-1 fusion_builder_column_1_1 1_1 fusion-flex-column\" style=\"--awb-bg-size:cover;--awb-width-large:100%;--awb-margin-top-large:0px;--awb-spacing-right-large:1.92%;--awb-margin-bottom-large:20px;--awb-spacing-left-large:1.92%;--awb-width-medium:100%;--awb-order-medium:0;--awb-spacing-right-medium:1.92%;--awb-spacing-left-medium:1.92%;--awb-width-small:100%;--awb-order-small:0;--awb-spacing-right-small:1.92%;--awb-spacing-left-small:1.92%;\"><div class=\"fusion-column-wrapper fusion-column-has-shadow fusion-flex-justify-content-flex-start fusion-content-layout-column\"><div class=\"fusion-text fusion-text-1 page_title\"><h1 style=\"text-align: center;\">Reparaturen und Konstruktion von Holmen<\/h1>\n<\/div><div class=\"fusion-text fusion-text-2\"><p style=\"text-align: center;\">Masten, Ausleger und Spieren mit handwerklicher Pr\u00e4zision gefertigt.<\/p>\n<\/div><\/div><\/div><div class=\"fusion-layout-column fusion_builder_column fusion-builder-column-2 fusion_builder_column_1_1 1_1 fusion-flex-column\" style=\"--awb-bg-size:cover;--awb-width-large:100%;--awb-margin-top-large:0px;--awb-spacing-right-large:1.92%;--awb-margin-bottom-large:20px;--awb-spacing-left-large:1.92%;--awb-width-medium:100%;--awb-order-medium:0;--awb-spacing-right-medium:1.92%;--awb-spacing-left-medium:1.92%;--awb-width-small:100%;--awb-order-small:0;--awb-spacing-right-small:1.92%;--awb-spacing-left-small:1.92%;\"><div class=\"fusion-column-wrapper fusion-column-has-shadow fusion-flex-justify-content-flex-start fusion-content-layout-column\"><div class=\"fusion-text fusion-text-3\"><p data-start=\"6856\" data-end=\"7107\"><strong data-start=\"6878\" data-end=\"6898\">Yachtholme<\/strong> m\u00fcssen leicht und stabil sein und zum Charakter des Schiffes passen. Bei <strong data-start=\"6968\" data-end=\"6993\">Planker Yacht Service<\/strong> reparieren und fertigen wir Komponenten wie <strong data-start=\"7053\" data-end=\"7063\">Masten<\/strong>, <strong data-start=\"7065\" data-end=\"7073\">Ausleger<\/strong> und andere Holzbeschl\u00e4ge.<\/p>\n<p data-start=\"7109\" data-end=\"7358\">Wir arbeiten an klassischen, alten und modernen M\u00f6beln, bei denen Holzdetails restauriert, verst\u00e4rkt oder vollst\u00e4ndig ersetzt werden m\u00fcssen. Wir fertigen jedes St\u00fcck mit R\u00fccksicht auf die Lasten, die Proportionen, die \u00c4sthetik und die Funktionsweise der Yacht.<\/p>\n<p data-start=\"7360\" data-end=\"7596\">Der Service umfasst die Reparatur von Rissen, die Wiederherstellung fehlender Teile, das Verleimen, Schleifen, Lackieren, den Schutz des Holzes und die <strong data-start=\"7505\" data-end=\"7532\">Anfertigung neuer Holme<\/strong> auf der Grundlage vorhandener Elemente oder individueller Anordnungen.<\/p>\n<p data-start=\"7598\" data-end=\"7822\">Ein gut pr\u00e4parierter <strong data-start=\"7618\" data-end=\"7629\">Holm<\/strong> beeinflusst nicht nur das Aussehen der Yacht, sondern auch den Komfort und die Sicherheit beim Segeln. Deshalb kommt es auf eine pr\u00e4zise Verarbeitung, die richtige Wahl des Materials und ein Finish an, das den Meeresbedingungen standh\u00e4lt.<\/p>\n<\/div><\/div><\/div><\/div><\/div>\n","protected":false},"excerpt":{"rendered":"","protected":false},"author":2,"featured_media":0,"parent":0,"menu_order":0,"comment_status":"closed","ping_status":"closed","template":"100-width.php","meta":{"inline_featured_image":false,"footnotes":""},"class_list":["post-934","page","type-page","status-publish","hentry"],"yoast_head":"<!-- This site is optimized with the Yoast SEO plugin v26.7 - https:\/\/yoast.com\/wordpress\/plugins\/seo\/ -->\n<title>Reparaturen und Konstruktion von Holmen - Planker Yacht Service<\/title>\n<meta name=\"robots\" content=\"index, follow, max-snippet:-1, max-image-preview:large, max-video-preview:-1\" \/>\n<link rel=\"canonical\" href=\"https:\/\/www.planker.pl\/de\/reparaturen-und-konstruktion-von-holmen\/\" \/>\n<meta property=\"og:locale\" content=\"de_DE\" \/>\n<meta property=\"og:type\" content=\"article\" \/>\n<meta property=\"og:title\" content=\"Reparaturen und Konstruktion von Holmen - Planker Yacht Service\" \/>\n<meta property=\"og:url\" content=\"https:\/\/www.planker.pl\/de\/reparaturen-und-konstruktion-von-holmen\/\" \/>\n<meta property=\"og:site_name\" content=\"Planker Yacht Service\" \/>\n<meta property=\"article:modified_time\" content=\"2026-05-11T11:34:04+00:00\" \/>\n<meta name=\"twitter:card\" content=\"summary_large_image\" \/>\n<meta name=\"twitter:label1\" content=\"Gesch\u00e4tzte Lesezeit\" \/>\n\t<meta name=\"twitter:data1\" content=\"13\u00a0Minuten\" \/>\n<script type=\"application\/ld+json\" class=\"yoast-schema-graph\">{\"@context\":\"https:\/\/schema.org\",\"@graph\":[{\"@type\":\"WebPage\",\"@id\":\"https:\/\/www.planker.pl\/de\/reparaturen-und-konstruktion-von-holmen\/\",\"url\":\"https:\/\/www.planker.pl\/de\/reparaturen-und-konstruktion-von-holmen\/\",\"name\":\"Reparaturen und Konstruktion von Holmen - Planker Yacht Service\",\"isPartOf\":{\"@id\":\"https:\/\/www.planker.pl\/de\/#website\"},\"datePublished\":\"2026-05-06T14:52:45+00:00\",\"dateModified\":\"2026-05-11T11:34:04+00:00\",\"breadcrumb\":{\"@id\":\"https:\/\/www.planker.pl\/de\/reparaturen-und-konstruktion-von-holmen\/#breadcrumb\"},\"inLanguage\":\"de\",\"potentialAction\":[{\"@type\":\"ReadAction\",\"target\":[\"https:\/\/www.planker.pl\/de\/reparaturen-und-konstruktion-von-holmen\/\"]}]},{\"@type\":\"BreadcrumbList\",\"@id\":\"https:\/\/www.planker.pl\/de\/reparaturen-und-konstruktion-von-holmen\/#breadcrumb\",\"itemListElement\":[{\"@type\":\"ListItem\",\"position\":1,\"name\":\"Strona g\u0142\u00f3wna\",\"item\":\"https:\/\/www.planker.pl\/de\/\"},{\"@type\":\"ListItem\",\"position\":2,\"name\":\"Reparaturen und Konstruktion von Holmen\"}]},{\"@type\":\"WebSite\",\"@id\":\"https:\/\/www.planker.pl\/de\/#website\",\"url\":\"https:\/\/www.planker.pl\/de\/\",\"name\":\"Planker Yacht Service\",\"description\":\"Remonty jacht\u00f3w i \u0142odzi motorowodnych Szczecin\",\"potentialAction\":[{\"@type\":\"SearchAction\",\"target\":{\"@type\":\"EntryPoint\",\"urlTemplate\":\"https:\/\/www.planker.pl\/de\/?s={search_term_string}\"},\"query-input\":{\"@type\":\"PropertyValueSpecification\",\"valueRequired\":true,\"valueName\":\"search_term_string\"}}],\"inLanguage\":\"de\"}]}<\/script>\n<!-- \/ Yoast SEO plugin. -->","yoast_head_json":{"title":"Reparaturen und Konstruktion von Holmen - Planker Yacht Service","robots":{"index":"index","follow":"follow","max-snippet":"max-snippet:-1","max-image-preview":"max-image-preview:large","max-video-preview":"max-video-preview:-1"},"canonical":"https:\/\/www.planker.pl\/de\/reparaturen-und-konstruktion-von-holmen\/","og_locale":"de_DE","og_type":"article","og_title":"Reparaturen und Konstruktion von Holmen - Planker Yacht Service","og_url":"https:\/\/www.planker.pl\/de\/reparaturen-und-konstruktion-von-holmen\/","og_site_name":"Planker Yacht Service","article_modified_time":"2026-05-11T11:34:04+00:00","twitter_card":"summary_large_image","twitter_misc":{"Gesch\u00e4tzte Lesezeit":"13\u00a0Minuten"},"schema":{"@context":"https:\/\/schema.org","@graph":[{"@type":"WebPage","@id":"https:\/\/www.planker.pl\/de\/reparaturen-und-konstruktion-von-holmen\/","url":"https:\/\/www.planker.pl\/de\/reparaturen-und-konstruktion-von-holmen\/","name":"Reparaturen und Konstruktion von Holmen - Planker Yacht Service","isPartOf":{"@id":"https:\/\/www.planker.pl\/de\/#website"},"datePublished":"2026-05-06T14:52:45+00:00","dateModified":"2026-05-11T11:34:04+00:00","breadcrumb":{"@id":"https:\/\/www.planker.pl\/de\/reparaturen-und-konstruktion-von-holmen\/#breadcrumb"},"inLanguage":"de","potentialAction":[{"@type":"ReadAction","target":["https:\/\/www.planker.pl\/de\/reparaturen-und-konstruktion-von-holmen\/"]}]},{"@type":"BreadcrumbList","@id":"https:\/\/www.planker.pl\/de\/reparaturen-und-konstruktion-von-holmen\/#breadcrumb","itemListElement":[{"@type":"ListItem","position":1,"name":"Strona g\u0142\u00f3wna","item":"https:\/\/www.planker.pl\/de\/"},{"@type":"ListItem","position":2,"name":"Reparaturen und Konstruktion von Holmen"}]},{"@type":"WebSite","@id":"https:\/\/www.planker.pl\/de\/#website","url":"https:\/\/www.planker.pl\/de\/","name":"Planker Yacht Service","description":"Remonty jacht\u00f3w i \u0142odzi motorowodnych Szczecin","potentialAction":[{"@type":"SearchAction","target":{"@type":"EntryPoint","urlTemplate":"https:\/\/www.planker.pl\/de\/?s={search_term_string}"},"query-input":{"@type":"PropertyValueSpecification","valueRequired":true,"valueName":"search_term_string"}}],"inLanguage":"de"}]}},"_links":{"self":[{"href":"https:\/\/www.planker.pl\/de\/wp-json\/wp\/v2\/pages\/934","targetHints":{"allow":["GET"]}}],"collection":[{"href":"https:\/\/www.planker.pl\/de\/wp-json\/wp\/v2\/pages"}],"about":[{"href":"https:\/\/www.planker.pl\/de\/wp-json\/wp\/v2\/types\/page"}],"author":[{"embeddable":true,"href":"https:\/\/www.planker.pl\/de\/wp-json\/wp\/v2\/users\/2"}],"replies":[{"embeddable":true,"href":"https:\/\/www.planker.pl\/de\/wp-json\/wp\/v2\/comments?post=934"}],"version-history":[{"count":10,"href":"https:\/\/www.planker.pl\/de\/wp-json\/wp\/v2\/pages\/934\/revisions"}],"predecessor-version":[{"id":984,"href":"https:\/\/www.planker.pl\/de\/wp-json\/wp\/v2\/pages\/934\/revisions\/984"}],"wp:attachment":[{"href":"https:\/\/www.planker.pl\/de\/wp-json\/wp\/v2\/media?parent=934"}],"curies":[{"name":"wp","href":"https:\/\/api.w.org\/{rel}","templated":true}]}}