{"id":923,"date":"2026-05-06T14:50:00","date_gmt":"2026-05-06T14:50:00","guid":{"rendered":"https:\/\/planker.pl\/renovierung-von-holzruempfen\/"},"modified":"2026-05-11T11:33:59","modified_gmt":"2026-05-11T11:33:59","slug":"renovierung-von-holzruempfen","status":"publish","type":"page","link":"https:\/\/www.planker.pl\/de\/renovierung-von-holzruempfen\/","title":{"rendered":"Renovierung von Holzr\u00fcmpfen"},"content":{"rendered":"<div class=\"fusion-fullwidth fullwidth-box fusion-builder-row-1 fusion-flex-container has-pattern-background has-mask-background nonhundred-percent-fullwidth non-hundred-percent-height-scrolling content_width \" style=\"--awb-border-radius-top-left:0px;--awb-border-radius-top-right:0px;--awb-border-radius-bottom-right:0px;--awb-border-radius-bottom-left:0px;--awb-padding-bottom:50px;--awb-margin-top:-100px;--awb-flex-wrap:wrap;\" ><div class=\"fusion-builder-row fusion-row fusion-flex-align-items-flex-start fusion-flex-content-wrap\" style=\"max-width:1248px;margin-left: calc(-4% \/ 2 );margin-right: calc(-4% \/ 2 );\"><div class=\"fusion-layout-column fusion_builder_column fusion-builder-column-0 fusion_builder_column_1_1 1_1 fusion-flex-column\" style=\"--awb-bg-size:cover;--awb-width-large:100%;--awb-margin-top-large:0px;--awb-spacing-right-large:1.92%;--awb-margin-bottom-large:20px;--awb-spacing-left-large:1.92%;--awb-width-medium:100%;--awb-order-medium:0;--awb-spacing-right-medium:1.92%;--awb-spacing-left-medium:1.92%;--awb-width-small:100%;--awb-order-small:0;--awb-spacing-right-small:1.92%;--awb-spacing-left-small:1.92%;\"><div class=\"fusion-column-wrapper fusion-column-has-shadow fusion-flex-justify-content-flex-start fusion-content-layout-column\"><div class=\"fusion-section-separator section-separator waves fusion-section-separator-1\" style=\"--awb-spacer-padding-top:inherit;--awb-svg-margin-left:1.92%;--awb-svg-margin-right:1.92%;--awb-svg-margin-left-medium:1.92%;--awb-svg-margin-right-medium:1.92%;--awb-svg-margin-left-small:1.92%;--awb-svg-margin-right-small:1.92%;--awb-divider-height:100px;--awb-spacer-height:100px;--awb-sep-font-size:0;--awb-sep-line-height:0;\"><div class=\"fusion-section-separator-svg\"><svg class=\"fusion-waves-candy\" xmlns=\"http:\/\/www.w3.org\/2000\/svg\" version=\"1.1\" width=\"100%\" viewBox=\"0 54 1024 162\" preserveAspectRatio=\"none\" fill=\"rgba(255,255,255,1)\"><path class=\"st3\" d=\"M0 216.312h1024v-3.044c-50.8-17.1-108.7-30.7-172.7-37.9-178.6-19.8-220 36.8-404.9 21.3-206.6-17.2-228-126.5-434.5-141.6-3.9-.3-7.9-.5-11.9-.7v161.944z\"\/><\/svg><\/div><div class=\"fusion-section-separator-spacer\"><div class=\"fusion-section-separator-spacer-height\"><\/div><\/div><\/div><\/div><\/div><div class=\"fusion-layout-column fusion_builder_column fusion-builder-column-1 fusion_builder_column_1_1 1_1 fusion-flex-column\" style=\"--awb-bg-size:cover;--awb-width-large:100%;--awb-margin-top-large:0px;--awb-spacing-right-large:1.92%;--awb-margin-bottom-large:20px;--awb-spacing-left-large:1.92%;--awb-width-medium:100%;--awb-order-medium:0;--awb-spacing-right-medium:1.92%;--awb-spacing-left-medium:1.92%;--awb-width-small:100%;--awb-order-small:0;--awb-spacing-right-small:1.92%;--awb-spacing-left-small:1.92%;\"><div class=\"fusion-column-wrapper fusion-column-has-shadow fusion-flex-justify-content-flex-start fusion-content-layout-column\"><div class=\"fusion-text fusion-text-1 page_title\"><h1 style=\"text-align: center;\">Renovierung von Holzr\u00fcmpfen<\/h1>\n<\/div><div class=\"fusion-text fusion-text-2\"><p style=\"text-align: center;\">Traditioneller Bootsbau f\u00fcr Yachten mit Seele.<\/p>\n<\/div><\/div><\/div><div class=\"fusion-layout-column fusion_builder_column fusion-builder-column-2 fusion_builder_column_1_1 1_1 fusion-flex-column\" style=\"--awb-bg-size:cover;--awb-width-large:100%;--awb-margin-top-large:0px;--awb-spacing-right-large:1.92%;--awb-margin-bottom-large:20px;--awb-spacing-left-large:1.92%;--awb-width-medium:100%;--awb-order-medium:0;--awb-spacing-right-medium:1.92%;--awb-spacing-left-medium:1.92%;--awb-width-small:100%;--awb-order-small:0;--awb-spacing-right-small:1.92%;--awb-spacing-left-small:1.92%;\"><div class=\"fusion-column-wrapper fusion-column-has-shadow fusion-flex-justify-content-flex-start fusion-content-layout-column\"><div class=\"fusion-text fusion-text-3\"><p data-start=\"458\" data-end=\"771\"><strong data-start=\"480\" data-end=\"500\">Ein Holzrumpf<\/strong> erfordert Wissen, Geduld und Respekt f\u00fcr die Struktur. Bei <strong data-start=\"558\" data-end=\"583\">Planker Yacht Service<\/strong> k\u00fcmmern wir uns um die komplette <strong data-start=\"612\" data-end=\"645\">\u00dcberholung von Holzyachten<\/strong> &#8211; von lokalen Reparaturen bis hin zu umfangreicheren Arbeiten an <strong data-start=\"709\" data-end=\"720\">Decks<\/strong>, <strong data-start=\"722\" data-end=\"741\">Dichtungen<\/strong> und strukturellen Komponenten. <\/p>\n<p data-start=\"773\" data-end=\"1121\">Wir arbeiten auf der Grundlage des <strong data-start=\"795\" data-end=\"830\">traditionellen Bootsbauhandwerks<\/strong>, verwenden aber auch moderne Materialien und Techniken, wenn sie es uns erm\u00f6glichen, die Haltbarkeit und Sicherheit des Schiffes zu erh\u00f6hen. Jeder Renovierung geht eine gr\u00fcndliche Bewertung des Zustands des Schiffsrumpfes voraus, aus der hervorgeht, in welchen Bereichen Eingriffe erforderlich sind und welcher Arbeitsumfang f\u00fcr die Wiederherstellung der vollen Funktionalit\u00e4t notwendig ist. <\/p>\n<p data-start=\"1123\" data-end=\"1395\">Wir f\u00fchren unter anderem <strong data-start=\"1148\" data-end=\"1166\">Hobelersatz<\/strong>, Rahmenreparaturen, <strong data-start=\"1182\" data-end=\"1199\">Versiegelung<\/strong>, Restaurierung von Holzelementen, Oberfl\u00e4chenvorbereitung, Schleifen, Lackieren und Holzschutz durch. Wir achten darauf, dass die Reparaturen dauerhaft und \u00e4sthetisch ansprechend sind und dem Charakter des Schiffes entsprechen. <\/p>\n<p data-start=\"1397\" data-end=\"1590\">Es ist ein Service f\u00fcr Eigner, die den Wert, die Geschichte und das einzigartige Aussehen ihrer Yacht bewahren und gleichzeitig sicherstellen m\u00f6chten, dass <strong data-start=\"1530\" data-end=\"1540\">der Rumpf<\/strong> f\u00fcr die n\u00e4chsten Saisons auf dem Wasser bereit ist.<\/p>\n<\/div><\/div><\/div><\/div><\/div>\n","protected":false},"excerpt":{"rendered":"","protected":false},"author":2,"featured_media":0,"parent":0,"menu_order":0,"comment_status":"closed","ping_status":"closed","template":"100-width.php","meta":{"inline_featured_image":false,"footnotes":""},"class_list":["post-923","page","type-page","status-publish","hentry"],"yoast_head":"<!-- This site is optimized with the Yoast SEO plugin v26.7 - https:\/\/yoast.com\/wordpress\/plugins\/seo\/ -->\n<title>Reparaturen von Holzr\u00fcmpfen | Planker Yacht Service<\/title>\n<meta name=\"description\" content=\"Renovierung von h\u00f6lzernen Yachtr\u00fcmpfen: Erneuerung der Beplankung, Decks, Versiegelung und Schutz. Erfahrene Bootsbauer aus Szczecin.\" \/>\n<meta name=\"robots\" content=\"index, follow, max-snippet:-1, max-image-preview:large, max-video-preview:-1\" \/>\n<link rel=\"canonical\" href=\"https:\/\/www.planker.pl\/de\/renovierung-von-holzruempfen\/\" \/>\n<meta property=\"og:locale\" content=\"de_DE\" \/>\n<meta property=\"og:type\" content=\"article\" \/>\n<meta property=\"og:title\" content=\"Reparaturen von Holzr\u00fcmpfen | Planker Yacht Service\" \/>\n<meta property=\"og:description\" content=\"Renovierung von h\u00f6lzernen Yachtr\u00fcmpfen: Erneuerung der Beplankung, Decks, Versiegelung und Schutz. Erfahrene Bootsbauer aus Szczecin.\" \/>\n<meta property=\"og:url\" content=\"https:\/\/www.planker.pl\/de\/renovierung-von-holzruempfen\/\" \/>\n<meta property=\"og:site_name\" content=\"Planker Yacht Service\" \/>\n<meta property=\"article:modified_time\" content=\"2026-05-11T11:33:59+00:00\" \/>\n<meta name=\"twitter:card\" content=\"summary_large_image\" \/>\n<meta name=\"twitter:label1\" content=\"Gesch\u00e4tzte Lesezeit\" \/>\n\t<meta name=\"twitter:data1\" content=\"13\u00a0Minuten\" \/>\n<script type=\"application\/ld+json\" class=\"yoast-schema-graph\">{\"@context\":\"https:\/\/schema.org\",\"@graph\":[{\"@type\":\"WebPage\",\"@id\":\"https:\/\/www.planker.pl\/de\/renovierung-von-holzruempfen\/\",\"url\":\"https:\/\/www.planker.pl\/de\/renovierung-von-holzruempfen\/\",\"name\":\"Reparaturen von Holzr\u00fcmpfen | Planker Yacht Service\",\"isPartOf\":{\"@id\":\"https:\/\/www.planker.pl\/de\/#website\"},\"datePublished\":\"2026-05-06T14:50:00+00:00\",\"dateModified\":\"2026-05-11T11:33:59+00:00\",\"description\":\"Renovierung von h\u00f6lzernen Yachtr\u00fcmpfen: Erneuerung der Beplankung, Decks, Versiegelung und Schutz. Erfahrene Bootsbauer aus Szczecin.\",\"breadcrumb\":{\"@id\":\"https:\/\/www.planker.pl\/de\/renovierung-von-holzruempfen\/#breadcrumb\"},\"inLanguage\":\"de\",\"potentialAction\":[{\"@type\":\"ReadAction\",\"target\":[\"https:\/\/www.planker.pl\/de\/renovierung-von-holzruempfen\/\"]}]},{\"@type\":\"BreadcrumbList\",\"@id\":\"https:\/\/www.planker.pl\/de\/renovierung-von-holzruempfen\/#breadcrumb\",\"itemListElement\":[{\"@type\":\"ListItem\",\"position\":1,\"name\":\"Strona g\u0142\u00f3wna\",\"item\":\"https:\/\/www.planker.pl\/de\/\"},{\"@type\":\"ListItem\",\"position\":2,\"name\":\"Renovierung von Holzr\u00fcmpfen\"}]},{\"@type\":\"WebSite\",\"@id\":\"https:\/\/www.planker.pl\/de\/#website\",\"url\":\"https:\/\/www.planker.pl\/de\/\",\"name\":\"Planker Yacht Service\",\"description\":\"Remonty jacht\u00f3w i \u0142odzi motorowodnych Szczecin\",\"potentialAction\":[{\"@type\":\"SearchAction\",\"target\":{\"@type\":\"EntryPoint\",\"urlTemplate\":\"https:\/\/www.planker.pl\/de\/?s={search_term_string}\"},\"query-input\":{\"@type\":\"PropertyValueSpecification\",\"valueRequired\":true,\"valueName\":\"search_term_string\"}}],\"inLanguage\":\"de\"}]}<\/script>\n<!-- \/ Yoast SEO plugin. -->","yoast_head_json":{"title":"Reparaturen von Holzr\u00fcmpfen | Planker Yacht Service","description":"Renovierung von h\u00f6lzernen Yachtr\u00fcmpfen: Erneuerung der Beplankung, Decks, Versiegelung und Schutz. Erfahrene Bootsbauer aus Szczecin.","robots":{"index":"index","follow":"follow","max-snippet":"max-snippet:-1","max-image-preview":"max-image-preview:large","max-video-preview":"max-video-preview:-1"},"canonical":"https:\/\/www.planker.pl\/de\/renovierung-von-holzruempfen\/","og_locale":"de_DE","og_type":"article","og_title":"Reparaturen von Holzr\u00fcmpfen | Planker Yacht Service","og_description":"Renovierung von h\u00f6lzernen Yachtr\u00fcmpfen: Erneuerung der Beplankung, Decks, Versiegelung und Schutz. Erfahrene Bootsbauer aus Szczecin.","og_url":"https:\/\/www.planker.pl\/de\/renovierung-von-holzruempfen\/","og_site_name":"Planker Yacht Service","article_modified_time":"2026-05-11T11:33:59+00:00","twitter_card":"summary_large_image","twitter_misc":{"Gesch\u00e4tzte Lesezeit":"13\u00a0Minuten"},"schema":{"@context":"https:\/\/schema.org","@graph":[{"@type":"WebPage","@id":"https:\/\/www.planker.pl\/de\/renovierung-von-holzruempfen\/","url":"https:\/\/www.planker.pl\/de\/renovierung-von-holzruempfen\/","name":"Reparaturen von Holzr\u00fcmpfen | Planker Yacht Service","isPartOf":{"@id":"https:\/\/www.planker.pl\/de\/#website"},"datePublished":"2026-05-06T14:50:00+00:00","dateModified":"2026-05-11T11:33:59+00:00","description":"Renovierung von h\u00f6lzernen Yachtr\u00fcmpfen: Erneuerung der Beplankung, Decks, Versiegelung und Schutz. Erfahrene Bootsbauer aus Szczecin.","breadcrumb":{"@id":"https:\/\/www.planker.pl\/de\/renovierung-von-holzruempfen\/#breadcrumb"},"inLanguage":"de","potentialAction":[{"@type":"ReadAction","target":["https:\/\/www.planker.pl\/de\/renovierung-von-holzruempfen\/"]}]},{"@type":"BreadcrumbList","@id":"https:\/\/www.planker.pl\/de\/renovierung-von-holzruempfen\/#breadcrumb","itemListElement":[{"@type":"ListItem","position":1,"name":"Strona g\u0142\u00f3wna","item":"https:\/\/www.planker.pl\/de\/"},{"@type":"ListItem","position":2,"name":"Renovierung von Holzr\u00fcmpfen"}]},{"@type":"WebSite","@id":"https:\/\/www.planker.pl\/de\/#website","url":"https:\/\/www.planker.pl\/de\/","name":"Planker Yacht Service","description":"Remonty jacht\u00f3w i \u0142odzi motorowodnych Szczecin","potentialAction":[{"@type":"SearchAction","target":{"@type":"EntryPoint","urlTemplate":"https:\/\/www.planker.pl\/de\/?s={search_term_string}"},"query-input":{"@type":"PropertyValueSpecification","valueRequired":true,"valueName":"search_term_string"}}],"inLanguage":"de"}]}},"_links":{"self":[{"href":"https:\/\/www.planker.pl\/de\/wp-json\/wp\/v2\/pages\/923","targetHints":{"allow":["GET"]}}],"collection":[{"href":"https:\/\/www.planker.pl\/de\/wp-json\/wp\/v2\/pages"}],"about":[{"href":"https:\/\/www.planker.pl\/de\/wp-json\/wp\/v2\/types\/page"}],"author":[{"embeddable":true,"href":"https:\/\/www.planker.pl\/de\/wp-json\/wp\/v2\/users\/2"}],"replies":[{"embeddable":true,"href":"https:\/\/www.planker.pl\/de\/wp-json\/wp\/v2\/comments?post=923"}],"version-history":[{"count":1,"href":"https:\/\/www.planker.pl\/de\/wp-json\/wp\/v2\/pages\/923\/revisions"}],"predecessor-version":[{"id":926,"href":"https:\/\/www.planker.pl\/de\/wp-json\/wp\/v2\/pages\/923\/revisions\/926"}],"wp:attachment":[{"href":"https:\/\/www.planker.pl\/de\/wp-json\/wp\/v2\/media?parent=923"}],"curies":[{"name":"wp","href":"https:\/\/api.w.org\/{rel}","templated":true}]}}