{"id":911,"date":"2026-05-06T14:52:02","date_gmt":"2026-05-06T14:52:02","guid":{"rendered":"https:\/\/planker.pl\/reparaturen-an-der-ruderflosse\/"},"modified":"2026-05-11T11:33:58","modified_gmt":"2026-05-11T11:33:58","slug":"reparaturen-an-der-ruderflosse","status":"publish","type":"page","link":"https:\/\/www.planker.pl\/de\/reparaturen-an-der-ruderflosse\/","title":{"rendered":"Reparaturen an der Ruderflosse"},"content":{"rendered":"<div class=\"fusion-fullwidth fullwidth-box fusion-builder-row-1 fusion-flex-container has-pattern-background has-mask-background nonhundred-percent-fullwidth non-hundred-percent-height-scrolling content_width \" style=\"--awb-border-radius-top-left:0px;--awb-border-radius-top-right:0px;--awb-border-radius-bottom-right:0px;--awb-border-radius-bottom-left:0px;--awb-padding-bottom:50px;--awb-margin-top:-100px;--awb-flex-wrap:wrap;\" ><div class=\"fusion-builder-row fusion-row fusion-flex-align-items-flex-start fusion-flex-content-wrap\" style=\"max-width:1248px;margin-left: calc(-4% \/ 2 );margin-right: calc(-4% \/ 2 );\"><div class=\"fusion-layout-column fusion_builder_column fusion-builder-column-0 fusion_builder_column_1_1 1_1 fusion-flex-column\" style=\"--awb-bg-size:cover;--awb-width-large:100%;--awb-margin-top-large:0px;--awb-spacing-right-large:1.92%;--awb-margin-bottom-large:20px;--awb-spacing-left-large:1.92%;--awb-width-medium:100%;--awb-order-medium:0;--awb-spacing-right-medium:1.92%;--awb-spacing-left-medium:1.92%;--awb-width-small:100%;--awb-order-small:0;--awb-spacing-right-small:1.92%;--awb-spacing-left-small:1.92%;\"><div class=\"fusion-column-wrapper fusion-column-has-shadow fusion-flex-justify-content-flex-start fusion-content-layout-column\"><div class=\"fusion-section-separator section-separator waves fusion-section-separator-1\" style=\"--awb-spacer-padding-top:inherit;--awb-svg-margin-left:1.92%;--awb-svg-margin-right:1.92%;--awb-svg-margin-left-medium:1.92%;--awb-svg-margin-right-medium:1.92%;--awb-svg-margin-left-small:1.92%;--awb-svg-margin-right-small:1.92%;--awb-divider-height:100px;--awb-spacer-height:100px;--awb-sep-font-size:0;--awb-sep-line-height:0;\"><div class=\"fusion-section-separator-svg\"><svg class=\"fusion-waves-candy\" xmlns=\"http:\/\/www.w3.org\/2000\/svg\" version=\"1.1\" width=\"100%\" viewBox=\"0 54 1024 162\" preserveAspectRatio=\"none\" fill=\"rgba(255,255,255,1)\"><path class=\"st3\" d=\"M0 216.312h1024v-3.044c-50.8-17.1-108.7-30.7-172.7-37.9-178.6-19.8-220 36.8-404.9 21.3-206.6-17.2-228-126.5-434.5-141.6-3.9-.3-7.9-.5-11.9-.7v161.944z\"\/><\/svg><\/div><div class=\"fusion-section-separator-spacer\"><div class=\"fusion-section-separator-spacer-height\"><\/div><\/div><\/div><\/div><\/div><div class=\"fusion-layout-column fusion_builder_column fusion-builder-column-1 fusion_builder_column_1_1 1_1 fusion-flex-column\" style=\"--awb-bg-size:cover;--awb-width-large:100%;--awb-margin-top-large:0px;--awb-spacing-right-large:1.92%;--awb-margin-bottom-large:20px;--awb-spacing-left-large:1.92%;--awb-width-medium:100%;--awb-order-medium:0;--awb-spacing-right-medium:1.92%;--awb-spacing-left-medium:1.92%;--awb-width-small:100%;--awb-order-small:0;--awb-spacing-right-small:1.92%;--awb-spacing-left-small:1.92%;\"><div class=\"fusion-column-wrapper fusion-column-has-shadow fusion-flex-justify-content-flex-start fusion-content-layout-column\"><div class=\"fusion-text fusion-text-1 page_title\"><h1 style=\"text-align: center;\">Reparaturen an der Ruderflosse<\/h1>\n<\/div><div class=\"fusion-text fusion-text-2\"><p style=\"text-align: center;\">Pr\u00e4zisionsreparatur von Komponenten, von denen die Sicherheit abh\u00e4ngt.<\/p>\n<\/div><\/div><\/div><div class=\"fusion-layout-column fusion_builder_column fusion-builder-column-2 fusion_builder_column_1_1 1_1 fusion-flex-column\" style=\"--awb-bg-size:cover;--awb-width-large:100%;--awb-margin-top-large:0px;--awb-spacing-right-large:1.92%;--awb-margin-bottom-large:20px;--awb-spacing-left-large:1.92%;--awb-width-medium:100%;--awb-order-medium:0;--awb-spacing-right-medium:1.92%;--awb-spacing-left-medium:1.92%;--awb-width-small:100%;--awb-order-small:0;--awb-spacing-right-small:1.92%;--awb-spacing-left-small:1.92%;\"><div class=\"fusion-column-wrapper fusion-column-has-shadow fusion-flex-justify-content-flex-start fusion-content-layout-column\"><div class=\"fusion-text fusion-text-3\"><p data-start=\"5280\" data-end=\"5516\"><strong data-start=\"5302\" data-end=\"5320\">Die Ruderflosse<\/strong>, der <strong data-start=\"5322\" data-end=\"5332\">Ballast<\/strong> und ihre Befestigungen haben einen direkten Einfluss auf die Sicherheit, die Man\u00f6vrierf\u00e4higkeit und das Verhalten der Yacht auf dem Wasser. Daher erfordern Reparaturen an diesen Komponenten besondere Sorgfalt und Erfahrung.<\/p>\n<p data-start=\"5518\" data-end=\"5793\">Wir f\u00fchren Diagnosen und <strong data-start=\"5546\" data-end=\"5573\">Reparaturen an Ruderflossen<\/strong>, Gabeln, Achsen, Verbindungen, <strong data-start=\"5597\" data-end=\"5617\">Ballastbefestigungen<\/strong> und hochbelastbaren Strukturkomponenten durch. Wir beseitigen die Auswirkungen von St\u00f6\u00dfen, Verschlei\u00df, Korrosion, Delamination, Lecks und Spiel, die w\u00e4hrend des Betriebs entstehen.<\/p>\n<p data-start=\"5795\" data-end=\"6053\">Wir gehen jeder Reparatur mit einer Bewertung des technischen Zustands und der Auswahl der geeigneten Arbeitsmethode voraus. Je nach Schiffstyp und Konstruktionsmaterial f\u00fchren wir Bootsbauarbeiten, <strong data-start=\"5968\" data-end=\"5983\">Laminierung<\/strong>, Verst\u00e4rkung, Schutz und Restaurierung besch\u00e4digter Komponenten durch.<\/p>\n<p data-start=\"6055\" data-end=\"6315\">Dies ist einer dieser Dienste, die es nicht wert sind, aufgeschoben zu werden. Selbst kleine L\u00fccken, Risse oder Anzeichen von Korrosion k\u00f6nnen im Laufe der Zeit zu schwerwiegenderen Ausf\u00e4llen f\u00fchren. Eine zuverl\u00e4ssige Reparatur erm\u00f6glicht es Ihnen, das Vertrauen in Ihr Schiff wiederzuerlangen und es f\u00fcr eine sichere Fahrt vorzubereiten.<\/p>\n<\/div><\/div><\/div><\/div><\/div>\n","protected":false},"excerpt":{"rendered":"","protected":false},"author":2,"featured_media":0,"parent":0,"menu_order":0,"comment_status":"closed","ping_status":"closed","template":"100-width.php","meta":{"inline_featured_image":false,"footnotes":""},"class_list":["post-911","page","type-page","status-publish","hentry"],"yoast_head":"<!-- This site is optimized with the Yoast SEO plugin v26.7 - https:\/\/yoast.com\/wordpress\/plugins\/seo\/ -->\n<title>Reparatur von Ruderbl\u00e4ttern und Ballastgewichten | Yachtservice<\/title>\n<meta name=\"description\" content=\"Wir reparieren Ruderflossen, Ballastbefestigungen und strukturelle Komponenten von Yachten. Pr\u00e4zisionsservice zur Erh\u00f6hung der Sicherheit der Ger\u00e4te.\" \/>\n<meta name=\"robots\" content=\"index, follow, max-snippet:-1, max-image-preview:large, max-video-preview:-1\" \/>\n<link rel=\"canonical\" href=\"https:\/\/www.planker.pl\/de\/reparaturen-an-der-ruderflosse\/\" \/>\n<meta property=\"og:locale\" content=\"de_DE\" \/>\n<meta property=\"og:type\" content=\"article\" \/>\n<meta property=\"og:title\" content=\"Reparatur von Ruderbl\u00e4ttern und Ballastgewichten | Yachtservice\" \/>\n<meta property=\"og:description\" content=\"Wir reparieren Ruderflossen, Ballastbefestigungen und strukturelle Komponenten von Yachten. Pr\u00e4zisionsservice zur Erh\u00f6hung der Sicherheit der Ger\u00e4te.\" \/>\n<meta property=\"og:url\" content=\"https:\/\/www.planker.pl\/de\/reparaturen-an-der-ruderflosse\/\" \/>\n<meta property=\"og:site_name\" content=\"Planker Yacht Service\" \/>\n<meta property=\"article:modified_time\" content=\"2026-05-11T11:33:58+00:00\" \/>\n<meta name=\"twitter:card\" content=\"summary_large_image\" \/>\n<meta name=\"twitter:label1\" content=\"Gesch\u00e4tzte Lesezeit\" \/>\n\t<meta name=\"twitter:data1\" content=\"13\u00a0Minuten\" \/>\n<script type=\"application\/ld+json\" class=\"yoast-schema-graph\">{\"@context\":\"https:\/\/schema.org\",\"@graph\":[{\"@type\":\"WebPage\",\"@id\":\"https:\/\/www.planker.pl\/de\/reparaturen-an-der-ruderflosse\/\",\"url\":\"https:\/\/www.planker.pl\/de\/reparaturen-an-der-ruderflosse\/\",\"name\":\"Reparatur von Ruderbl\u00e4ttern und Ballastgewichten | Yachtservice\",\"isPartOf\":{\"@id\":\"https:\/\/www.planker.pl\/de\/#website\"},\"datePublished\":\"2026-05-06T14:52:02+00:00\",\"dateModified\":\"2026-05-11T11:33:58+00:00\",\"description\":\"Wir reparieren Ruderflossen, Ballastbefestigungen und strukturelle Komponenten von Yachten. Pr\u00e4zisionsservice zur Erh\u00f6hung der Sicherheit der Ger\u00e4te.\",\"breadcrumb\":{\"@id\":\"https:\/\/www.planker.pl\/de\/reparaturen-an-der-ruderflosse\/#breadcrumb\"},\"inLanguage\":\"de\",\"potentialAction\":[{\"@type\":\"ReadAction\",\"target\":[\"https:\/\/www.planker.pl\/de\/reparaturen-an-der-ruderflosse\/\"]}]},{\"@type\":\"BreadcrumbList\",\"@id\":\"https:\/\/www.planker.pl\/de\/reparaturen-an-der-ruderflosse\/#breadcrumb\",\"itemListElement\":[{\"@type\":\"ListItem\",\"position\":1,\"name\":\"Strona g\u0142\u00f3wna\",\"item\":\"https:\/\/www.planker.pl\/de\/\"},{\"@type\":\"ListItem\",\"position\":2,\"name\":\"Reparaturen an der Ruderflosse\"}]},{\"@type\":\"WebSite\",\"@id\":\"https:\/\/www.planker.pl\/de\/#website\",\"url\":\"https:\/\/www.planker.pl\/de\/\",\"name\":\"Planker Yacht Service\",\"description\":\"Remonty jacht\u00f3w i \u0142odzi motorowodnych Szczecin\",\"potentialAction\":[{\"@type\":\"SearchAction\",\"target\":{\"@type\":\"EntryPoint\",\"urlTemplate\":\"https:\/\/www.planker.pl\/de\/?s={search_term_string}\"},\"query-input\":{\"@type\":\"PropertyValueSpecification\",\"valueRequired\":true,\"valueName\":\"search_term_string\"}}],\"inLanguage\":\"de\"}]}<\/script>\n<!-- \/ Yoast SEO plugin. -->","yoast_head_json":{"title":"Reparatur von Ruderbl\u00e4ttern und Ballastgewichten | Yachtservice","description":"Wir reparieren Ruderflossen, Ballastbefestigungen und strukturelle Komponenten von Yachten. Pr\u00e4zisionsservice zur Erh\u00f6hung der Sicherheit der Ger\u00e4te.","robots":{"index":"index","follow":"follow","max-snippet":"max-snippet:-1","max-image-preview":"max-image-preview:large","max-video-preview":"max-video-preview:-1"},"canonical":"https:\/\/www.planker.pl\/de\/reparaturen-an-der-ruderflosse\/","og_locale":"de_DE","og_type":"article","og_title":"Reparatur von Ruderbl\u00e4ttern und Ballastgewichten | Yachtservice","og_description":"Wir reparieren Ruderflossen, Ballastbefestigungen und strukturelle Komponenten von Yachten. Pr\u00e4zisionsservice zur Erh\u00f6hung der Sicherheit der Ger\u00e4te.","og_url":"https:\/\/www.planker.pl\/de\/reparaturen-an-der-ruderflosse\/","og_site_name":"Planker Yacht Service","article_modified_time":"2026-05-11T11:33:58+00:00","twitter_card":"summary_large_image","twitter_misc":{"Gesch\u00e4tzte Lesezeit":"13\u00a0Minuten"},"schema":{"@context":"https:\/\/schema.org","@graph":[{"@type":"WebPage","@id":"https:\/\/www.planker.pl\/de\/reparaturen-an-der-ruderflosse\/","url":"https:\/\/www.planker.pl\/de\/reparaturen-an-der-ruderflosse\/","name":"Reparatur von Ruderbl\u00e4ttern und Ballastgewichten | Yachtservice","isPartOf":{"@id":"https:\/\/www.planker.pl\/de\/#website"},"datePublished":"2026-05-06T14:52:02+00:00","dateModified":"2026-05-11T11:33:58+00:00","description":"Wir reparieren Ruderflossen, Ballastbefestigungen und strukturelle Komponenten von Yachten. Pr\u00e4zisionsservice zur Erh\u00f6hung der Sicherheit der Ger\u00e4te.","breadcrumb":{"@id":"https:\/\/www.planker.pl\/de\/reparaturen-an-der-ruderflosse\/#breadcrumb"},"inLanguage":"de","potentialAction":[{"@type":"ReadAction","target":["https:\/\/www.planker.pl\/de\/reparaturen-an-der-ruderflosse\/"]}]},{"@type":"BreadcrumbList","@id":"https:\/\/www.planker.pl\/de\/reparaturen-an-der-ruderflosse\/#breadcrumb","itemListElement":[{"@type":"ListItem","position":1,"name":"Strona g\u0142\u00f3wna","item":"https:\/\/www.planker.pl\/de\/"},{"@type":"ListItem","position":2,"name":"Reparaturen an der Ruderflosse"}]},{"@type":"WebSite","@id":"https:\/\/www.planker.pl\/de\/#website","url":"https:\/\/www.planker.pl\/de\/","name":"Planker Yacht Service","description":"Remonty jacht\u00f3w i \u0142odzi motorowodnych Szczecin","potentialAction":[{"@type":"SearchAction","target":{"@type":"EntryPoint","urlTemplate":"https:\/\/www.planker.pl\/de\/?s={search_term_string}"},"query-input":{"@type":"PropertyValueSpecification","valueRequired":true,"valueName":"search_term_string"}}],"inLanguage":"de"}]}},"_links":{"self":[{"href":"https:\/\/www.planker.pl\/de\/wp-json\/wp\/v2\/pages\/911","targetHints":{"allow":["GET"]}}],"collection":[{"href":"https:\/\/www.planker.pl\/de\/wp-json\/wp\/v2\/pages"}],"about":[{"href":"https:\/\/www.planker.pl\/de\/wp-json\/wp\/v2\/types\/page"}],"author":[{"embeddable":true,"href":"https:\/\/www.planker.pl\/de\/wp-json\/wp\/v2\/users\/2"}],"replies":[{"embeddable":true,"href":"https:\/\/www.planker.pl\/de\/wp-json\/wp\/v2\/comments?post=911"}],"version-history":[{"count":1,"href":"https:\/\/www.planker.pl\/de\/wp-json\/wp\/v2\/pages\/911\/revisions"}],"predecessor-version":[{"id":915,"href":"https:\/\/www.planker.pl\/de\/wp-json\/wp\/v2\/pages\/911\/revisions\/915"}],"wp:attachment":[{"href":"https:\/\/www.planker.pl\/de\/wp-json\/wp\/v2\/media?parent=911"}],"curies":[{"name":"wp","href":"https:\/\/api.w.org\/{rel}","templated":true}]}}