{"id":897,"date":"2026-05-06T14:51:24","date_gmt":"2026-05-06T14:51:24","guid":{"rendered":"https:\/\/planker.pl\/ueberholung-von-stahlruempfen\/"},"modified":"2026-05-11T11:33:58","modified_gmt":"2026-05-11T11:33:58","slug":"ueberholung-von-stahlruempfen","status":"publish","type":"page","link":"https:\/\/www.planker.pl\/de\/ueberholung-von-stahlruempfen\/","title":{"rendered":"\u00dcberholung von Stahlr\u00fcmpfen"},"content":{"rendered":"<div class=\"fusion-fullwidth fullwidth-box fusion-builder-row-1 fusion-flex-container has-pattern-background has-mask-background nonhundred-percent-fullwidth non-hundred-percent-height-scrolling content_width \" style=\"--awb-border-radius-top-left:0px;--awb-border-radius-top-right:0px;--awb-border-radius-bottom-right:0px;--awb-border-radius-bottom-left:0px;--awb-padding-bottom:50px;--awb-margin-top:-100px;--awb-flex-wrap:wrap;\" ><div class=\"fusion-builder-row fusion-row fusion-flex-align-items-flex-start fusion-flex-content-wrap\" style=\"max-width:1248px;margin-left: calc(-4% \/ 2 );margin-right: calc(-4% \/ 2 );\"><div class=\"fusion-layout-column fusion_builder_column fusion-builder-column-0 fusion_builder_column_1_1 1_1 fusion-flex-column\" style=\"--awb-bg-size:cover;--awb-width-large:100%;--awb-margin-top-large:0px;--awb-spacing-right-large:1.92%;--awb-margin-bottom-large:20px;--awb-spacing-left-large:1.92%;--awb-width-medium:100%;--awb-order-medium:0;--awb-spacing-right-medium:1.92%;--awb-spacing-left-medium:1.92%;--awb-width-small:100%;--awb-order-small:0;--awb-spacing-right-small:1.92%;--awb-spacing-left-small:1.92%;\"><div class=\"fusion-column-wrapper fusion-column-has-shadow fusion-flex-justify-content-flex-start fusion-content-layout-column\"><div class=\"fusion-section-separator section-separator waves fusion-section-separator-1\" style=\"--awb-spacer-padding-top:inherit;--awb-svg-margin-left:1.92%;--awb-svg-margin-right:1.92%;--awb-svg-margin-left-medium:1.92%;--awb-svg-margin-right-medium:1.92%;--awb-svg-margin-left-small:1.92%;--awb-svg-margin-right-small:1.92%;--awb-divider-height:100px;--awb-spacer-height:100px;--awb-sep-font-size:0;--awb-sep-line-height:0;\"><div class=\"fusion-section-separator-svg\"><svg class=\"fusion-waves-candy\" xmlns=\"http:\/\/www.w3.org\/2000\/svg\" version=\"1.1\" width=\"100%\" viewBox=\"0 54 1024 162\" preserveAspectRatio=\"none\" fill=\"rgba(255,255,255,1)\"><path class=\"st3\" d=\"M0 216.312h1024v-3.044c-50.8-17.1-108.7-30.7-172.7-37.9-178.6-19.8-220 36.8-404.9 21.3-206.6-17.2-228-126.5-434.5-141.6-3.9-.3-7.9-.5-11.9-.7v161.944z\"\/><\/svg><\/div><div class=\"fusion-section-separator-spacer\"><div class=\"fusion-section-separator-spacer-height\"><\/div><\/div><\/div><\/div><\/div><div class=\"fusion-layout-column fusion_builder_column fusion-builder-column-1 fusion_builder_column_1_1 1_1 fusion-flex-column\" style=\"--awb-bg-size:cover;--awb-width-large:100%;--awb-margin-top-large:0px;--awb-spacing-right-large:1.92%;--awb-margin-bottom-large:20px;--awb-spacing-left-large:1.92%;--awb-width-medium:100%;--awb-order-medium:0;--awb-spacing-right-medium:1.92%;--awb-spacing-left-medium:1.92%;--awb-width-small:100%;--awb-order-small:0;--awb-spacing-right-small:1.92%;--awb-spacing-left-small:1.92%;\"><div class=\"fusion-column-wrapper fusion-column-has-shadow fusion-flex-justify-content-flex-start fusion-content-layout-column\"><div class=\"fusion-text fusion-text-1 page_title\"><h1 style=\"text-align: center;\">\u00dcberholung von Stahlr\u00fcmpfen<\/h1>\n<\/div><div class=\"fusion-text fusion-text-2\"><p style=\"text-align: center;\">Der Stahlrumpf ist gegen Zeit und Korrosion gesch\u00fctzt.<\/p>\n<\/div><\/div><\/div><div class=\"fusion-layout-column fusion_builder_column fusion-builder-column-2 fusion_builder_column_1_1 1_1 fusion-flex-column\" style=\"--awb-bg-size:cover;--awb-width-large:100%;--awb-margin-top-large:0px;--awb-spacing-right-large:1.92%;--awb-margin-bottom-large:20px;--awb-spacing-left-large:1.92%;--awb-width-medium:100%;--awb-order-medium:0;--awb-spacing-right-medium:1.92%;--awb-spacing-left-medium:1.92%;--awb-width-small:100%;--awb-order-small:0;--awb-spacing-right-small:1.92%;--awb-spacing-left-small:1.92%;\"><div class=\"fusion-column-wrapper fusion-column-has-shadow fusion-flex-justify-content-flex-start fusion-content-layout-column\"><div class=\"fusion-text fusion-text-3\"><p data-start=\"3622\" data-end=\"3930\"><strong data-start=\"3644\" data-end=\"3663\">Stahlr\u00fcmpfe<\/strong> erfordern eine regelm\u00e4\u00dfige Inspektion, eine angemessene Oberfl\u00e4chenvorbereitung und einen wirksamen <strong data-start=\"3758\" data-end=\"3769\">Korrosionsschutz<\/strong>. Bei <strong data-start=\"3773\" data-end=\"3798\">Planker Yacht Service<\/strong> <strong data-start=\"3810\" data-end=\"3840\">reparieren wir Stahlr\u00fcmpfe<\/strong> mit dem Schwerpunkt auf Haltbarkeit, Sicherheit und angemessenem Schutz der Struktur. <\/p>\n<p data-start=\"3932\" data-end=\"4223\">Wir beginnen die Arbeit, indem wir den Zustand des Rumpfes beurteilen, <strong data-start=\"3994\" data-end=\"4005\">Korrosionsherde<\/strong> lokalisieren und den Umfang der notwendigen Reparaturen bestimmen. Je nach Bedarf f\u00fchren wir Oberfl\u00e4chenreinigungen, Vorbereitungen f\u00fcr Schutzanstriche, \u00f6rtliche Reparaturen, <strong data-start=\"4165\" data-end=\"4197\">Korrosionsschutz<\/strong> und Nacharbeiten durch. <\/p>\n<p data-start=\"4225\" data-end=\"4488\">Bei Stahleinheiten ist es besonders wichtig, den Untergrund sorgf\u00e4ltig vorzubereiten und das richtige Schutzsystem auszuw\u00e4hlen. Fehler in dieser Phase k\u00f6nnen schnell zu einem erneuten Auftreten von Korrosion f\u00fchren. Deshalb setzen wir auf Zuverl\u00e4ssigkeit und bew\u00e4hrte Verfahren. <\/p>\n<p data-start=\"4490\" data-end=\"4722\">Eine <strong data-start=\"4490\" data-end=\"4518\">\u00dcberholung des Stahlrumpfes<\/strong> ist eine Investition in die Sicherheit des Schiffes und einen ruhigen Betrieb f\u00fcr die kommenden Saisons. Wir arbeiten sowohl an privaten Yachten als auch an gr\u00f6\u00dferen Schiffen, die eine solide Reparaturwerkstatt ben\u00f6tigen. <\/p>\n<\/div><\/div><\/div><\/div><\/div>\n","protected":false},"excerpt":{"rendered":"","protected":false},"author":2,"featured_media":0,"parent":0,"menu_order":0,"comment_status":"closed","ping_status":"closed","template":"100-width.php","meta":{"inline_featured_image":false,"footnotes":""},"class_list":["post-897","page","type-page","status-publish","hentry"],"yoast_head":"<!-- This site is optimized with the Yoast SEO plugin v26.7 - https:\/\/yoast.com\/wordpress\/plugins\/seo\/ -->\n<title>Wiederaufbau von Stahlr\u00fcmpfen | Korrosionsschutz<\/title>\n<meta name=\"description\" content=\"Instandsetzung von Stahlr\u00fcmpfen von Yachten und Booten. Korrosionsentfernung, Oberfl\u00e4chenvorbereitung und dauerhafter Korrosionsschutz.\" \/>\n<meta name=\"robots\" content=\"index, follow, max-snippet:-1, max-image-preview:large, max-video-preview:-1\" \/>\n<link rel=\"canonical\" href=\"https:\/\/www.planker.pl\/de\/ueberholung-von-stahlruempfen\/\" \/>\n<meta property=\"og:locale\" content=\"de_DE\" \/>\n<meta property=\"og:type\" content=\"article\" \/>\n<meta property=\"og:title\" content=\"Wiederaufbau von Stahlr\u00fcmpfen | Korrosionsschutz\" \/>\n<meta property=\"og:description\" content=\"Instandsetzung von Stahlr\u00fcmpfen von Yachten und Booten. Korrosionsentfernung, Oberfl\u00e4chenvorbereitung und dauerhafter Korrosionsschutz.\" \/>\n<meta property=\"og:url\" content=\"https:\/\/www.planker.pl\/de\/ueberholung-von-stahlruempfen\/\" \/>\n<meta property=\"og:site_name\" content=\"Planker Yacht Service\" \/>\n<meta property=\"article:modified_time\" content=\"2026-05-11T11:33:58+00:00\" \/>\n<meta name=\"twitter:card\" content=\"summary_large_image\" \/>\n<meta name=\"twitter:label1\" content=\"Gesch\u00e4tzte Lesezeit\" \/>\n\t<meta name=\"twitter:data1\" content=\"13\u00a0Minuten\" \/>\n<script type=\"application\/ld+json\" class=\"yoast-schema-graph\">{\"@context\":\"https:\/\/schema.org\",\"@graph\":[{\"@type\":\"WebPage\",\"@id\":\"https:\/\/www.planker.pl\/de\/ueberholung-von-stahlruempfen\/\",\"url\":\"https:\/\/www.planker.pl\/de\/ueberholung-von-stahlruempfen\/\",\"name\":\"Wiederaufbau von Stahlr\u00fcmpfen | Korrosionsschutz\",\"isPartOf\":{\"@id\":\"https:\/\/www.planker.pl\/de\/#website\"},\"datePublished\":\"2026-05-06T14:51:24+00:00\",\"dateModified\":\"2026-05-11T11:33:58+00:00\",\"description\":\"Instandsetzung von Stahlr\u00fcmpfen von Yachten und Booten. Korrosionsentfernung, Oberfl\u00e4chenvorbereitung und dauerhafter Korrosionsschutz.\",\"breadcrumb\":{\"@id\":\"https:\/\/www.planker.pl\/de\/ueberholung-von-stahlruempfen\/#breadcrumb\"},\"inLanguage\":\"de\",\"potentialAction\":[{\"@type\":\"ReadAction\",\"target\":[\"https:\/\/www.planker.pl\/de\/ueberholung-von-stahlruempfen\/\"]}]},{\"@type\":\"BreadcrumbList\",\"@id\":\"https:\/\/www.planker.pl\/de\/ueberholung-von-stahlruempfen\/#breadcrumb\",\"itemListElement\":[{\"@type\":\"ListItem\",\"position\":1,\"name\":\"Strona g\u0142\u00f3wna\",\"item\":\"https:\/\/www.planker.pl\/de\/\"},{\"@type\":\"ListItem\",\"position\":2,\"name\":\"\u00dcberholung von Stahlr\u00fcmpfen\"}]},{\"@type\":\"WebSite\",\"@id\":\"https:\/\/www.planker.pl\/de\/#website\",\"url\":\"https:\/\/www.planker.pl\/de\/\",\"name\":\"Planker Yacht Service\",\"description\":\"Remonty jacht\u00f3w i \u0142odzi motorowodnych Szczecin\",\"potentialAction\":[{\"@type\":\"SearchAction\",\"target\":{\"@type\":\"EntryPoint\",\"urlTemplate\":\"https:\/\/www.planker.pl\/de\/?s={search_term_string}\"},\"query-input\":{\"@type\":\"PropertyValueSpecification\",\"valueRequired\":true,\"valueName\":\"search_term_string\"}}],\"inLanguage\":\"de\"}]}<\/script>\n<!-- \/ Yoast SEO plugin. -->","yoast_head_json":{"title":"Wiederaufbau von Stahlr\u00fcmpfen | Korrosionsschutz","description":"Instandsetzung von Stahlr\u00fcmpfen von Yachten und Booten. Korrosionsentfernung, Oberfl\u00e4chenvorbereitung und dauerhafter Korrosionsschutz.","robots":{"index":"index","follow":"follow","max-snippet":"max-snippet:-1","max-image-preview":"max-image-preview:large","max-video-preview":"max-video-preview:-1"},"canonical":"https:\/\/www.planker.pl\/de\/ueberholung-von-stahlruempfen\/","og_locale":"de_DE","og_type":"article","og_title":"Wiederaufbau von Stahlr\u00fcmpfen | Korrosionsschutz","og_description":"Instandsetzung von Stahlr\u00fcmpfen von Yachten und Booten. Korrosionsentfernung, Oberfl\u00e4chenvorbereitung und dauerhafter Korrosionsschutz.","og_url":"https:\/\/www.planker.pl\/de\/ueberholung-von-stahlruempfen\/","og_site_name":"Planker Yacht Service","article_modified_time":"2026-05-11T11:33:58+00:00","twitter_card":"summary_large_image","twitter_misc":{"Gesch\u00e4tzte Lesezeit":"13\u00a0Minuten"},"schema":{"@context":"https:\/\/schema.org","@graph":[{"@type":"WebPage","@id":"https:\/\/www.planker.pl\/de\/ueberholung-von-stahlruempfen\/","url":"https:\/\/www.planker.pl\/de\/ueberholung-von-stahlruempfen\/","name":"Wiederaufbau von Stahlr\u00fcmpfen | Korrosionsschutz","isPartOf":{"@id":"https:\/\/www.planker.pl\/de\/#website"},"datePublished":"2026-05-06T14:51:24+00:00","dateModified":"2026-05-11T11:33:58+00:00","description":"Instandsetzung von Stahlr\u00fcmpfen von Yachten und Booten. Korrosionsentfernung, Oberfl\u00e4chenvorbereitung und dauerhafter Korrosionsschutz.","breadcrumb":{"@id":"https:\/\/www.planker.pl\/de\/ueberholung-von-stahlruempfen\/#breadcrumb"},"inLanguage":"de","potentialAction":[{"@type":"ReadAction","target":["https:\/\/www.planker.pl\/de\/ueberholung-von-stahlruempfen\/"]}]},{"@type":"BreadcrumbList","@id":"https:\/\/www.planker.pl\/de\/ueberholung-von-stahlruempfen\/#breadcrumb","itemListElement":[{"@type":"ListItem","position":1,"name":"Strona g\u0142\u00f3wna","item":"https:\/\/www.planker.pl\/de\/"},{"@type":"ListItem","position":2,"name":"\u00dcberholung von Stahlr\u00fcmpfen"}]},{"@type":"WebSite","@id":"https:\/\/www.planker.pl\/de\/#website","url":"https:\/\/www.planker.pl\/de\/","name":"Planker Yacht Service","description":"Remonty jacht\u00f3w i \u0142odzi motorowodnych Szczecin","potentialAction":[{"@type":"SearchAction","target":{"@type":"EntryPoint","urlTemplate":"https:\/\/www.planker.pl\/de\/?s={search_term_string}"},"query-input":{"@type":"PropertyValueSpecification","valueRequired":true,"valueName":"search_term_string"}}],"inLanguage":"de"}]}},"_links":{"self":[{"href":"https:\/\/www.planker.pl\/de\/wp-json\/wp\/v2\/pages\/897","targetHints":{"allow":["GET"]}}],"collection":[{"href":"https:\/\/www.planker.pl\/de\/wp-json\/wp\/v2\/pages"}],"about":[{"href":"https:\/\/www.planker.pl\/de\/wp-json\/wp\/v2\/types\/page"}],"author":[{"embeddable":true,"href":"https:\/\/www.planker.pl\/de\/wp-json\/wp\/v2\/users\/2"}],"replies":[{"embeddable":true,"href":"https:\/\/www.planker.pl\/de\/wp-json\/wp\/v2\/comments?post=897"}],"version-history":[{"count":1,"href":"https:\/\/www.planker.pl\/de\/wp-json\/wp\/v2\/pages\/897\/revisions"}],"predecessor-version":[{"id":901,"href":"https:\/\/www.planker.pl\/de\/wp-json\/wp\/v2\/pages\/897\/revisions\/901"}],"wp:attachment":[{"href":"https:\/\/www.planker.pl\/de\/wp-json\/wp\/v2\/media?parent=897"}],"curies":[{"name":"wp","href":"https:\/\/api.w.org\/{rel}","templated":true}]}}